{"id":5717,"date":"2020-06-19T14:57:06","date_gmt":"2020-06-19T14:57:06","guid":{"rendered":"https:\/\/www.eight-bells.com\/wedding-photography-videography-in-montreux-vevey-switzerland\/"},"modified":"2023-07-12T12:05:35","modified_gmt":"2023-07-12T12:05:35","slug":"photographe-mariage-montreux-vevey","status":"publish","type":"page","link":"https:\/\/www.eight-bells.com\/fr\/photographe-mariage-montreux-vevey\/","title":{"rendered":"Photographe de Mariage en Suisse Montreux &#038; Vevey"},"content":{"rendered":"\n<p>Vous pr\u00e9voyez de vous mariez dans la r\u00e9gion de Montreux et du Lac L\u00e9man? <br><br>Excellent choix! Que vous veniez de loin ou que vous habitiez dans la r\u00e9gion, Montreux et le Lac L\u00e9man sont des spots idylliques pour votre c\u00e9l\u00e9bration!<\/p>\n\n\n\n<div aria-hidden=\"true\" class=\"wp-block-fsb-flexible-spacer fsb-flexible-spacer\"><div class=\"fsb-flexible-spacer__device fsb-flexible-spacer__device--lg\" style=\"height:60px\"><\/div><div class=\"fsb-flexible-spacer__device fsb-flexible-spacer__device--md\" style=\"height:40px\"><\/div><div class=\"fsb-flexible-spacer__device fsb-flexible-spacer__device--sm\" style=\"height:25px\"><\/div><\/div>\n\n\n\n<figure class=\"wp-block-image size-large topmarginon bottommarginon\"><img loading=\"lazy\" width=\"1000\" height=\"667\" src=\"https:\/\/www.eight-bells.com\/wp-content\/uploads\/2020\/06\/vevey-montreux-wedding-photographer.jpg\" alt=\"\" class=\"wp-image-4276\" srcset=\"https:\/\/www.eight-bells.com\/wp-content\/uploads\/2020\/06\/vevey-montreux-wedding-photographer.jpg 1000w, https:\/\/www.eight-bells.com\/wp-content\/uploads\/2020\/06\/vevey-montreux-wedding-photographer-300x200.jpg 300w, https:\/\/www.eight-bells.com\/wp-content\/uploads\/2020\/06\/vevey-montreux-wedding-photographer-768x512.jpg 768w\" sizes=\"(max-width: 1000px) 100vw, 1000px\" \/><\/figure>\n\n\n\n<div aria-hidden=\"true\" class=\"wp-block-fsb-flexible-spacer fsb-flexible-spacer\"><div class=\"fsb-flexible-spacer__device fsb-flexible-spacer__device--lg\" style=\"height:60px\"><\/div><div class=\"fsb-flexible-spacer__device fsb-flexible-spacer__device--md\" style=\"height:40px\"><\/div><div class=\"fsb-flexible-spacer__device fsb-flexible-spacer__device--sm\" style=\"height:25px\"><\/div><\/div>\n\n\n\n<p>Vevey et Montreux sont toutes deux de charmantes villes historiques au bord du Lac L\u00e9man, dans le canton de Vaud, au coeur des belles Alpes Suisses. Des visiteurs c\u00e9l\u00e8bres, tels que Charlie Chaplin et Freddie Mercury, sont tomb\u00e9s amoureux de cette r\u00e9gion et y ont laiss\u00e9 leur marque.<br><br>Cette r\u00e9gion unique accueil de c\u00e9l\u00e8bres \u00e9v\u00e9nements annuels, tels que le Festival de Jazz de Montreux, des festivals de d\u00e9gustation de vin, de musique, de photographie, de films, et bien d\u2019autres.<\/p>\n\n\n\n<div aria-hidden=\"true\" class=\"wp-block-fsb-flexible-spacer fsb-flexible-spacer\"><div class=\"fsb-flexible-spacer__device fsb-flexible-spacer__device--lg\" style=\"height:60px\"><\/div><div class=\"fsb-flexible-spacer__device fsb-flexible-spacer__device--md\" style=\"height:40px\"><\/div><div class=\"fsb-flexible-spacer__device fsb-flexible-spacer__device--sm\" style=\"height:25px\"><\/div><\/div>\n\n\n\n<figure class=\"wp-block-gallery columns-2 is-cropped topmarginon bottommarginon\"><ul class=\"blocks-gallery-grid\"><li class=\"blocks-gallery-item\"><figure><img loading=\"lazy\" width=\"668\" height=\"1000\" src=\"https:\/\/www.eight-bells.com\/wp-content\/uploads\/2020\/06\/lac-leman-switzerland-vevey-montreux-wedding-photographer-videographer.jpg\" alt=\"\" data-id=\"4279\" data-full-url=\"https:\/\/www.eight-bells.com\/wp-content\/uploads\/2020\/06\/lac-leman-switzerland-vevey-montreux-wedding-photographer-videographer.jpg\" data-link=\"https:\/\/www.eight-bells.com\/wedding-photography-videography-in-montreux-vevey-switzerland\/lac-leman-switzerland-vevey-montreux-wedding-photographer-videographer\/\" class=\"wp-image-4279\" srcset=\"https:\/\/www.eight-bells.com\/wp-content\/uploads\/2020\/06\/lac-leman-switzerland-vevey-montreux-wedding-photographer-videographer.jpg 668w, https:\/\/www.eight-bells.com\/wp-content\/uploads\/2020\/06\/lac-leman-switzerland-vevey-montreux-wedding-photographer-videographer-200x300.jpg 200w\" sizes=\"(max-width: 668px) 100vw, 668px\" \/><\/figure><\/li><li class=\"blocks-gallery-item\"><figure><img loading=\"lazy\" width=\"667\" height=\"1000\" src=\"https:\/\/www.eight-bells.com\/wp-content\/uploads\/2020\/06\/lac-leman-switzerland-vevey-montreux-wedding-photographer.jpg\" alt=\"\" data-id=\"4281\" data-full-url=\"https:\/\/www.eight-bells.com\/wp-content\/uploads\/2020\/06\/lac-leman-switzerland-vevey-montreux-wedding-photographer.jpg\" data-link=\"https:\/\/www.eight-bells.com\/wedding-photography-videography-in-montreux-vevey-switzerland\/lac-leman-switzerland-vevey-montreux-wedding-photographer\/\" class=\"wp-image-4281\" srcset=\"https:\/\/www.eight-bells.com\/wp-content\/uploads\/2020\/06\/lac-leman-switzerland-vevey-montreux-wedding-photographer.jpg 667w, https:\/\/www.eight-bells.com\/wp-content\/uploads\/2020\/06\/lac-leman-switzerland-vevey-montreux-wedding-photographer-200x300.jpg 200w\" sizes=\"(max-width: 667px) 100vw, 667px\" \/><\/figure><\/li><\/ul><\/figure>\n\n\n\n<div aria-hidden=\"true\" class=\"wp-block-fsb-flexible-spacer fsb-flexible-spacer\"><div class=\"fsb-flexible-spacer__device fsb-flexible-spacer__device--lg\" style=\"height:60px\"><\/div><div class=\"fsb-flexible-spacer__device fsb-flexible-spacer__device--md\" style=\"height:40px\"><\/div><div class=\"fsb-flexible-spacer__device fsb-flexible-spacer__device--sm\" style=\"height:25px\"><\/div><\/div>\n\n\n\n<h2>Se marier \u00e0 Montreux ou \u00e0 Vevey<\/h2>\n\n\n\n<div aria-hidden=\"true\" class=\"wp-block-fsb-flexible-spacer fsb-flexible-spacer\"><div class=\"fsb-flexible-spacer__device fsb-flexible-spacer__device--lg\" style=\"height:60px\"><\/div><div class=\"fsb-flexible-spacer__device fsb-flexible-spacer__device--md\" style=\"height:40px\"><\/div><div class=\"fsb-flexible-spacer__device fsb-flexible-spacer__device--sm\" style=\"height:25px\"><\/div><\/div>\n\n\n\n<p>Vous trouverez en Suisse un large choix en terme de lieux de mariage pittoresques, tous \u00e9quip\u00e9s pour une c\u00e9r\u00e9monie la\u00efque avec une vue imprenable sur les montagnes. Que ce soit sur une terrasse dans les vignes faisant face au Lac L\u00e9man, un ch\u00e2teau historique ou une \u00e9glise, votre mariage sera inoubliable.<\/p>\n\n\n\n<div aria-hidden=\"true\" class=\"wp-block-fsb-flexible-spacer fsb-flexible-spacer\"><div class=\"fsb-flexible-spacer__device fsb-flexible-spacer__device--lg\" style=\"height:60px\"><\/div><div class=\"fsb-flexible-spacer__device fsb-flexible-spacer__device--md\" style=\"height:40px\"><\/div><div class=\"fsb-flexible-spacer__device fsb-flexible-spacer__device--sm\" style=\"height:25px\"><\/div><\/div>\n\n\n\n<figure class=\"wp-block-gallery columns-2 is-cropped topmarginon bottommarginon\"><ul class=\"blocks-gallery-grid\"><li class=\"blocks-gallery-item\"><figure><img loading=\"lazy\" width=\"667\" height=\"1000\" src=\"https:\/\/www.eight-bells.com\/wp-content\/uploads\/2020\/06\/lac-leman-switzerland-vevey-wedding-photographer-videographer.jpg\" alt=\"\" data-id=\"4283\" data-full-url=\"https:\/\/www.eight-bells.com\/wp-content\/uploads\/2020\/06\/lac-leman-switzerland-vevey-wedding-photographer-videographer.jpg\" data-link=\"https:\/\/www.eight-bells.com\/wedding-photography-videography-in-montreux-vevey-switzerland\/lac-leman-switzerland-vevey-wedding-photographer-videographer\/\" class=\"wp-image-4283\" srcset=\"https:\/\/www.eight-bells.com\/wp-content\/uploads\/2020\/06\/lac-leman-switzerland-vevey-wedding-photographer-videographer.jpg 667w, https:\/\/www.eight-bells.com\/wp-content\/uploads\/2020\/06\/lac-leman-switzerland-vevey-wedding-photographer-videographer-200x300.jpg 200w\" sizes=\"(max-width: 667px) 100vw, 667px\" \/><\/figure><\/li><li class=\"blocks-gallery-item\"><figure><img loading=\"lazy\" width=\"668\" height=\"1000\" src=\"https:\/\/www.eight-bells.com\/wp-content\/uploads\/2020\/06\/vevey-wedding-montreux-hotel-Le-Mirador-Resort-Spa-switzerland-photographer.jpg\" alt=\"\" data-id=\"4285\" data-full-url=\"https:\/\/www.eight-bells.com\/wp-content\/uploads\/2020\/06\/vevey-wedding-montreux-hotel-Le-Mirador-Resort-Spa-switzerland-photographer.jpg\" data-link=\"https:\/\/www.eight-bells.com\/wedding-photography-videography-in-montreux-vevey-switzerland\/vevey-wedding-montreux-hotel-le-mirador-resort-spa-switzerland-photographer\/\" class=\"wp-image-4285\" srcset=\"https:\/\/www.eight-bells.com\/wp-content\/uploads\/2020\/06\/vevey-wedding-montreux-hotel-Le-Mirador-Resort-Spa-switzerland-photographer.jpg 668w, https:\/\/www.eight-bells.com\/wp-content\/uploads\/2020\/06\/vevey-wedding-montreux-hotel-Le-Mirador-Resort-Spa-switzerland-photographer-200x300.jpg 200w\" sizes=\"(max-width: 668px) 100vw, 668px\" \/><\/figure><\/li><\/ul><\/figure>\n\n\n\n<div aria-hidden=\"true\" class=\"wp-block-fsb-flexible-spacer fsb-flexible-spacer\"><div class=\"fsb-flexible-spacer__device fsb-flexible-spacer__device--lg\" style=\"height:60px\"><\/div><div class=\"fsb-flexible-spacer__device fsb-flexible-spacer__device--md\" style=\"height:40px\"><\/div><div class=\"fsb-flexible-spacer__device fsb-flexible-spacer__device--sm\" style=\"height:25px\"><\/div><\/div>\n\n\n\n<p>Si vous ou vos invit\u00e9s vivez \u00e0 l\u2019\u00e9tranger, l\u2019a\u00e9roport International de Gen\u00e8ve permet d\u2019acc\u00e9der facilement \u00e0 Montreux ou Vevey depuis n\u2019importe quel point dans le monde. Ces villes sont \u00e9galement accessibles en train, et vous pouvez explorer en quelques jours les h\u00f4tels et spas de luxe, les restaurants, les magasins, et les mus\u00e9es de ces villes historiques et magiques.<\/p>\n\n\n\n<div aria-hidden=\"true\" class=\"wp-block-fsb-flexible-spacer fsb-flexible-spacer\"><div class=\"fsb-flexible-spacer__device fsb-flexible-spacer__device--lg\" style=\"height:60px\"><\/div><div class=\"fsb-flexible-spacer__device fsb-flexible-spacer__device--md\" style=\"height:40px\"><\/div><div class=\"fsb-flexible-spacer__device fsb-flexible-spacer__device--sm\" style=\"height:25px\"><\/div><\/div>\n\n\n\n<figure class=\"wp-block-image size-large topmarginon bottommarginon\"><img loading=\"lazy\" width=\"1024\" height=\"683\" src=\"https:\/\/www.eight-bells.com\/wp-content\/uploads\/2020\/06\/wedding-montreux-vevey-vineyards-switzerland-photographer-1024x683.jpg\" alt=\"\" class=\"wp-image-4289\" srcset=\"https:\/\/www.eight-bells.com\/wp-content\/uploads\/2020\/06\/wedding-montreux-vevey-vineyards-switzerland-photographer-1024x683.jpg 1024w, https:\/\/www.eight-bells.com\/wp-content\/uploads\/2020\/06\/wedding-montreux-vevey-vineyards-switzerland-photographer-300x200.jpg 300w, https:\/\/www.eight-bells.com\/wp-content\/uploads\/2020\/06\/wedding-montreux-vevey-vineyards-switzerland-photographer-768x512.jpg 768w, https:\/\/www.eight-bells.com\/wp-content\/uploads\/2020\/06\/wedding-montreux-vevey-vineyards-switzerland-photographer.jpg 1186w\" sizes=\"(max-width: 1024px) 100vw, 1024px\" \/><\/figure>\n\n\n\n<div aria-hidden=\"true\" class=\"wp-block-fsb-flexible-spacer fsb-flexible-spacer\"><div class=\"fsb-flexible-spacer__device fsb-flexible-spacer__device--lg\" style=\"height:60px\"><\/div><div class=\"fsb-flexible-spacer__device fsb-flexible-spacer__device--md\" style=\"height:40px\"><\/div><div class=\"fsb-flexible-spacer__device fsb-flexible-spacer__device--sm\" style=\"height:25px\"><\/div><\/div>\n\n\n\n<h2>Votre photographe de mariage \u00e0 Montreux Vevey<\/h2>\n\n\n\n<p>Je serais ravi de vous accompagner dans votre beau jour\/week-end \u00e0 Montreux-Vevey et de capturer vos souvenirs afin que celui-ci reste inoubliable !<\/p>\n\n\n\n<p>Je suis photographe de mariage et je connais bien la r\u00e9gion, car j&rsquo;y habite \u00e0 l&rsquo;ann\u00e9e !<\/p>\n\n\n\n<p>J&rsquo;explore les possibilit\u00e9s artistiques des montagnes en photo gr\u00e2ce aux mariages que je couvre en France et en Suisse depuis 2013. <\/p>\n\n\n\n<p>Mon style discret refl\u00e8te ma vision de la photographie de mariage : cr\u00e9er des images authentiques qui resteront \u00e0 jamais \u00e9mouvantes pour le couple.<\/p>\n\n\n\n<div aria-hidden=\"true\" class=\"wp-block-fsb-flexible-spacer fsb-flexible-spacer\"><div class=\"fsb-flexible-spacer__device fsb-flexible-spacer__device--lg\" style=\"height:60px\"><\/div><div class=\"fsb-flexible-spacer__device fsb-flexible-spacer__device--md\" style=\"height:40px\"><\/div><div class=\"fsb-flexible-spacer__device fsb-flexible-spacer__device--sm\" style=\"height:25px\"><\/div><\/div>\n\n\n\n<figure class=\"wp-block-image size-large topmarginon bottommarginon\"><img loading=\"lazy\" width=\"1024\" height=\"684\" src=\"https:\/\/www.eight-bells.com\/wp-content\/uploads\/2023\/05\/reuben-wedding-photographer-alps-1024x684.jpeg\" alt=\"\" class=\"wp-image-11939\" srcset=\"https:\/\/www.eight-bells.com\/wp-content\/uploads\/2023\/05\/reuben-wedding-photographer-alps-1024x684.jpeg 1024w, https:\/\/www.eight-bells.com\/wp-content\/uploads\/2023\/05\/reuben-wedding-photographer-alps-300x201.jpeg 300w, https:\/\/www.eight-bells.com\/wp-content\/uploads\/2023\/05\/reuben-wedding-photographer-alps-768x513.jpeg 768w, https:\/\/www.eight-bells.com\/wp-content\/uploads\/2023\/05\/reuben-wedding-photographer-alps.jpeg 1200w\" sizes=\"(max-width: 1024px) 100vw, 1024px\" \/><\/figure>\n\n\n\n<div aria-hidden=\"true\" class=\"wp-block-fsb-flexible-spacer fsb-flexible-spacer\"><div class=\"fsb-flexible-spacer__device fsb-flexible-spacer__device--lg\" style=\"height:60px\"><\/div><div class=\"fsb-flexible-spacer__device fsb-flexible-spacer__device--md\" style=\"height:40px\"><\/div><div class=\"fsb-flexible-spacer__device fsb-flexible-spacer__device--sm\" style=\"height:25px\"><\/div><\/div>\n\n\n\n<p>Que vous soyez \u00e0 la recherche d\u2019un photographe de mariage, contactez-moi et dites-mois en plus \u00e0 propos de vous et de votre beau jour!<\/p>\n\n\n\n<div aria-hidden=\"true\" class=\"wp-block-fsb-flexible-spacer fsb-flexible-spacer\"><div class=\"fsb-flexible-spacer__device fsb-flexible-spacer__device--lg\" style=\"height:60px\"><\/div><div class=\"fsb-flexible-spacer__device fsb-flexible-spacer__device--md\" style=\"height:40px\"><\/div><div class=\"fsb-flexible-spacer__device fsb-flexible-spacer__device--sm\" style=\"height:25px\"><\/div><\/div>\n\n\n\n<figure class=\"wp-block-image size-large topmarginon bottommarginon\"><img loading=\"lazy\" width=\"1024\" height=\"684\" src=\"https:\/\/www.eight-bells.com\/wp-content\/uploads\/2020\/04\/elegant-french-chateau-wedding-south-france-17-1024x684.jpg\" alt=\"\" class=\"wp-image-3191\" srcset=\"https:\/\/www.eight-bells.com\/wp-content\/uploads\/2020\/04\/elegant-french-chateau-wedding-south-france-17.jpg 1024w, https:\/\/www.eight-bells.com\/wp-content\/uploads\/2020\/04\/elegant-french-chateau-wedding-south-france-17-300x200.jpg 300w, https:\/\/www.eight-bells.com\/wp-content\/uploads\/2020\/04\/elegant-french-chateau-wedding-south-france-17-768x513.jpg 768w\" sizes=\"(max-width: 1024px) 100vw, 1024px\" \/><\/figure>\n\n\n\n<div aria-hidden=\"true\" class=\"wp-block-fsb-flexible-spacer fsb-flexible-spacer\"><div class=\"fsb-flexible-spacer__device fsb-flexible-spacer__device--lg\" style=\"height:60px\"><\/div><div class=\"fsb-flexible-spacer__device fsb-flexible-spacer__device--md\" style=\"height:40px\"><\/div><div class=\"fsb-flexible-spacer__device fsb-flexible-spacer__device--sm\" style=\"height:25px\"><\/div><\/div>\n\n\n\n<h2>Plus d\u2019infos sur nos formules photo de mariage \u00e0 Montreux Vevey<\/h2>\n\n\n\n<p>Je serais ravi d&rsquo;en savoir plus sur vous et sur vos plans pour votre mariage !<\/p>\n\n\n\n<p>N\u2019h\u00e9sitez pas \u00e0 m&rsquo;envoyer un message via <a href=\"#contact_anchor\">le formulaire de contact<\/a> si vous avez la moindre question sur nos formules photo de mariage, ou si vous souhaitez r\u00e9server une date. Je vous r\u00e9pondrai dans les 3 jours ouvr\u00e9s.<br><\/p>\n","protected":false},"excerpt":{"rendered":"<p>Vous pr\u00e9voyez de vous mariez dans la r\u00e9gion de Montreux et du Lac L\u00e9man? Excellent choix! Que vous veniez de loin ou que vous habitiez dans la r\u00e9gion, Montreux et le Lac L\u00e9man sont des spots idylliques pour votre c\u00e9l\u00e9bration! Vevey et Montreux sont toutes deux de charmantes villes historiques au bord du Lac L\u00e9man, [&hellip;]<\/p>\n","protected":false},"author":1,"featured_media":4277,"parent":0,"menu_order":0,"comment_status":"closed","ping_status":"closed","template":"page-location.php","meta":[],"acf":[],"yoast_head":"<!-- This site is optimized with the Yoast SEO plugin v16.7 - https:\/\/yoast.com\/wordpress\/plugins\/seo\/ -->\n<meta name=\"description\" content=\"Que vous soyez \u00e0 la recherche d\u2019un photographe de mariage \u00e0 Montreux Vevey, contactez-nous et dites-nous en plus \u00e0 propos de votre mariage.\" \/>\n<meta name=\"robots\" content=\"index, follow, max-snippet:-1, max-image-preview:large, max-video-preview:-1\" \/>\n<link rel=\"canonical\" href=\"https:\/\/www.eight-bells.com\/fr\/photographe-mariage-montreux-vevey\/\" \/>\n<meta property=\"og:locale\" content=\"fr_FR\" \/>\n<meta property=\"og:type\" content=\"article\" \/>\n<meta property=\"og:title\" content=\"Photographe de Mariage en Suisse Montreux &amp; Vevey\" \/>\n<meta property=\"og:description\" content=\"Que vous soyez \u00e0 la recherche d\u2019un photographe de mariage \u00e0 Montreux Vevey, contactez-nous et dites-nous en plus \u00e0 propos de votre mariage.\" \/>\n<meta property=\"og:url\" content=\"https:\/\/www.eight-bells.com\/fr\/photographe-mariage-montreux-vevey\/\" \/>\n<meta property=\"og:site_name\" content=\"Eight Bells\" \/>\n<meta property=\"article:modified_time\" content=\"2023-07-12T12:05:35+00:00\" \/>\n<meta property=\"og:image\" content=\"https:\/\/www.eight-bells.com\/wp-content\/uploads\/2020\/06\/vevey-montreux-wedding-photographer.jpg\" \/>\n\t<meta property=\"og:image:width\" content=\"1000\" \/>\n\t<meta property=\"og:image:height\" content=\"667\" \/>\n<meta name=\"twitter:card\" content=\"summary_large_image\" \/>\n<meta name=\"twitter:label1\" content=\"Dur\u00e9e de lecture est.\" \/>\n\t<meta name=\"twitter:data1\" content=\"4 minutes\" \/>\n<script type=\"application\/ld+json\" class=\"yoast-schema-graph\">{\"@context\":\"https:\/\/schema.org\",\"@graph\":[{\"@type\":\"WebSite\",\"@id\":\"https:\/\/www.eight-bells.com\/#website\",\"url\":\"https:\/\/www.eight-bells.com\/\",\"name\":\"Eight Bells\",\"description\":\"Wedding photography &amp; Videography\",\"potentialAction\":[{\"@type\":\"SearchAction\",\"target\":{\"@type\":\"EntryPoint\",\"urlTemplate\":\"https:\/\/www.eight-bells.com\/?s={search_term_string}\"},\"query-input\":\"required name=search_term_string\"}],\"inLanguage\":\"fr-FR\"},{\"@type\":\"ImageObject\",\"@id\":\"https:\/\/www.eight-bells.com\/fr\/photographe-mariage-montreux-vevey\/#primaryimage\",\"inLanguage\":\"fr-FR\",\"url\":\"https:\/\/www.eight-bells.com\/wp-content\/uploads\/2020\/06\/vevey-montreux-wedding-photographer.jpg\",\"contentUrl\":\"https:\/\/www.eight-bells.com\/wp-content\/uploads\/2020\/06\/vevey-montreux-wedding-photographer.jpg\",\"width\":1000,\"height\":667},{\"@type\":\"WebPage\",\"@id\":\"https:\/\/www.eight-bells.com\/fr\/photographe-mariage-montreux-vevey\/#webpage\",\"url\":\"https:\/\/www.eight-bells.com\/fr\/photographe-mariage-montreux-vevey\/\",\"name\":\"Photographe de Mariage en Suisse Montreux & Vevey\",\"isPartOf\":{\"@id\":\"https:\/\/www.eight-bells.com\/#website\"},\"primaryImageOfPage\":{\"@id\":\"https:\/\/www.eight-bells.com\/fr\/photographe-mariage-montreux-vevey\/#primaryimage\"},\"datePublished\":\"2020-06-19T14:57:06+00:00\",\"dateModified\":\"2023-07-12T12:05:35+00:00\",\"description\":\"Que vous soyez \\u00e0 la recherche d\\u2019un photographe de mariage \\u00e0 Montreux Vevey, contactez-nous et dites-nous en plus \\u00e0 propos de votre mariage.\",\"breadcrumb\":{\"@id\":\"https:\/\/www.eight-bells.com\/fr\/photographe-mariage-montreux-vevey\/#breadcrumb\"},\"inLanguage\":\"fr-FR\",\"potentialAction\":[{\"@type\":\"ReadAction\",\"target\":[\"https:\/\/www.eight-bells.com\/fr\/photographe-mariage-montreux-vevey\/\"]}]},{\"@type\":\"BreadcrumbList\",\"@id\":\"https:\/\/www.eight-bells.com\/fr\/photographe-mariage-montreux-vevey\/#breadcrumb\",\"itemListElement\":[{\"@type\":\"ListItem\",\"position\":1,\"name\":\"Home\",\"item\":\"https:\/\/www.eight-bells.com\/fr\/\"},{\"@type\":\"ListItem\",\"position\":2,\"name\":\"Photographe de Mariage en Suisse Montreux &#038; Vevey\"}]}]}<\/script>\n<!-- \/ Yoast SEO plugin. -->","yoast_head_json":{"description":"Que vous soyez \u00e0 la recherche d\u2019un photographe de mariage \u00e0 Montreux Vevey, contactez-nous et dites-nous en plus \u00e0 propos de votre mariage.","robots":{"index":"index","follow":"follow","max-snippet":"max-snippet:-1","max-image-preview":"max-image-preview:large","max-video-preview":"max-video-preview:-1"},"canonical":"https:\/\/www.eight-bells.com\/fr\/photographe-mariage-montreux-vevey\/","og_locale":"fr_FR","og_type":"article","og_title":"Photographe de Mariage en Suisse Montreux & Vevey","og_description":"Que vous soyez \u00e0 la recherche d\u2019un photographe de mariage \u00e0 Montreux Vevey, contactez-nous et dites-nous en plus \u00e0 propos de votre mariage.","og_url":"https:\/\/www.eight-bells.com\/fr\/photographe-mariage-montreux-vevey\/","og_site_name":"Eight Bells","article_modified_time":"2023-07-12T12:05:35+00:00","og_image":[{"width":1000,"height":667,"url":"https:\/\/www.eight-bells.com\/wp-content\/uploads\/2020\/06\/vevey-montreux-wedding-photographer.jpg","path":"\/home\/frentrkz\/eight-bells.com\/wp-content\/uploads\/2020\/06\/vevey-montreux-wedding-photographer.jpg","size":"full","id":4277,"alt":"","pixels":667000,"type":"image\/jpeg"}],"twitter_card":"summary_large_image","twitter_misc":{"Dur\u00e9e de lecture est.":"4 minutes"},"schema":{"@context":"https:\/\/schema.org","@graph":[{"@type":"WebSite","@id":"https:\/\/www.eight-bells.com\/#website","url":"https:\/\/www.eight-bells.com\/","name":"Eight Bells","description":"Wedding photography &amp; Videography","potentialAction":[{"@type":"SearchAction","target":{"@type":"EntryPoint","urlTemplate":"https:\/\/www.eight-bells.com\/?s={search_term_string}"},"query-input":"required name=search_term_string"}],"inLanguage":"fr-FR"},{"@type":"ImageObject","@id":"https:\/\/www.eight-bells.com\/fr\/photographe-mariage-montreux-vevey\/#primaryimage","inLanguage":"fr-FR","url":"https:\/\/www.eight-bells.com\/wp-content\/uploads\/2020\/06\/vevey-montreux-wedding-photographer.jpg","contentUrl":"https:\/\/www.eight-bells.com\/wp-content\/uploads\/2020\/06\/vevey-montreux-wedding-photographer.jpg","width":1000,"height":667},{"@type":"WebPage","@id":"https:\/\/www.eight-bells.com\/fr\/photographe-mariage-montreux-vevey\/#webpage","url":"https:\/\/www.eight-bells.com\/fr\/photographe-mariage-montreux-vevey\/","name":"Photographe de Mariage en Suisse Montreux & Vevey","isPartOf":{"@id":"https:\/\/www.eight-bells.com\/#website"},"primaryImageOfPage":{"@id":"https:\/\/www.eight-bells.com\/fr\/photographe-mariage-montreux-vevey\/#primaryimage"},"datePublished":"2020-06-19T14:57:06+00:00","dateModified":"2023-07-12T12:05:35+00:00","description":"Que vous soyez \u00e0 la recherche d\u2019un photographe de mariage \u00e0 Montreux Vevey, contactez-nous et dites-nous en plus \u00e0 propos de votre mariage.","breadcrumb":{"@id":"https:\/\/www.eight-bells.com\/fr\/photographe-mariage-montreux-vevey\/#breadcrumb"},"inLanguage":"fr-FR","potentialAction":[{"@type":"ReadAction","target":["https:\/\/www.eight-bells.com\/fr\/photographe-mariage-montreux-vevey\/"]}]},{"@type":"BreadcrumbList","@id":"https:\/\/www.eight-bells.com\/fr\/photographe-mariage-montreux-vevey\/#breadcrumb","itemListElement":[{"@type":"ListItem","position":1,"name":"Home","item":"https:\/\/www.eight-bells.com\/fr\/"},{"@type":"ListItem","position":2,"name":"Photographe de Mariage en Suisse Montreux &#038; Vevey"}]}]}},"_links":{"self":[{"href":"https:\/\/www.eight-bells.com\/fr\/wp-json\/wp\/v2\/pages\/5717"}],"collection":[{"href":"https:\/\/www.eight-bells.com\/fr\/wp-json\/wp\/v2\/pages"}],"about":[{"href":"https:\/\/www.eight-bells.com\/fr\/wp-json\/wp\/v2\/types\/page"}],"author":[{"embeddable":true,"href":"https:\/\/www.eight-bells.com\/fr\/wp-json\/wp\/v2\/users\/1"}],"replies":[{"embeddable":true,"href":"https:\/\/www.eight-bells.com\/fr\/wp-json\/wp\/v2\/comments?post=5717"}],"version-history":[{"count":7,"href":"https:\/\/www.eight-bells.com\/fr\/wp-json\/wp\/v2\/pages\/5717\/revisions"}],"predecessor-version":[{"id":12132,"href":"https:\/\/www.eight-bells.com\/fr\/wp-json\/wp\/v2\/pages\/5717\/revisions\/12132"}],"wp:featuredmedia":[{"embeddable":true,"href":"https:\/\/www.eight-bells.com\/fr\/wp-json\/wp\/v2\/media\/4277"}],"wp:attachment":[{"href":"https:\/\/www.eight-bells.com\/fr\/wp-json\/wp\/v2\/media?parent=5717"}],"curies":[{"name":"wp","href":"https:\/\/api.w.org\/{rel}","templated":true}]}}