{"id":5713,"date":"2020-07-03T10:54:59","date_gmt":"2020-07-03T10:54:59","guid":{"rendered":"https:\/\/www.eight-bells.com\/megeve-wedding-photographer-videographer\/"},"modified":"2023-07-12T11:42:54","modified_gmt":"2023-07-12T11:42:54","slug":"photographe-videaste-mariage-megeve","status":"publish","type":"page","link":"https:\/\/www.eight-bells.com\/fr\/photographe-videaste-mariage-megeve\/","title":{"rendered":"Photographe de Mariage \u00e0 Megeve"},"content":{"rendered":"\n<p>Vous pr\u00e9voyez de vous mariez \u00e0 Meg\u00e8ve, dans les Alpes fran\u00e7aises? <br><br>Excellent choix! Que vous veniez de loin ou que vous habitiez dans la r\u00e9gion, Meg\u00e8ve est un spot idyllique pour votre c\u00e9l\u00e9bration, d\u2019\u00e9t\u00e9 comme d\u2019hiver.<\/p>\n\n\n\n<p>En hiver (de la mi-D\u00e9cembre \u00e0 la mi-Avril), Meg\u00e8ve est une destination pris\u00e9e pour les sports de glisse tels que le ski, le surf, la randonn\u00e9e en raquettes, la luge, les balades en chien de traineaux, le ski de randonn\u00e9e, ou encore le kite ski.<br>Les mariages d\u2019hiver \u00e0 Meg\u00e8ve sont magiques, et baignent dans une atmosph\u00e8re cosy et chaleureuse : imaginez les bougies, les feux de chemin\u00e9e, le vin chaud et les tapis de fausse fourrure\u2026<\/p>\n\n\n\n<p>En \u00e9t\u00e9, Meg\u00e8ve change compl\u00e8tement de visage. La ville ralentit et adopte un rythme plus calme. Les touristes sont attir\u00e9s par ses lacs bleus, ses prairies de fleurs sauvages, et ses for\u00eats verdoyantes. Il y a de nombreuses activit\u00e9s d\u2019ext\u00e9rieurs accessibles \u00e0 tous : randonn\u00e9e, v\u00e9lo, parapente, et bien d\u2019autres.<br>Les jours sont plus longs et les temp\u00e9ratures ext\u00e9rieures sont id\u00e9ales pour un cocktail de mariage ou un repas en ext\u00e9rieur.<\/p>\n\n\n\n<h2>Se marier \u00e0 Megeve<\/h2>\n\n\n\n<p>Meg\u00e8ve est la destination parfaite pour un mariage \u00e9l\u00e9gant, avec ses vues imprenables sur le Mont Blanc, ses h\u00f4tels romantiques de luxes, ses spas, sa gastronomie fran\u00e7aise, et ses restaurants \u00e9toil\u00e9s au guide Michelin.<\/p>\n\n\n\n<p>Pour plus d\u2019inspiration, allez voir nos posts mariage Un mariage magique sous la neige \u00e0 Meg\u00e8ve et Vid\u00e9o d\u2019un mariage d\u2019hiver \u00e9l\u00e9gant \u00e0 Meg\u00e8ve, dans les Alpes fran\u00e7aises.<\/p>\n\n\n\n<p>Si vous ou vos invit\u00e9s vivez \u00e0 l\u2019\u00e9tranger, l\u2019a\u00e9roport International de Gen\u00e8ve permet d\u2019acc\u00e9der facilement \u00e0 Meg\u00e8ve depuis n\u2019importe quel point dans le monde. Gr\u00e2ce aux compagnies de taxis et mini-vans locaux, vos invit\u00e9s et vous-m\u00eames pouvez directement \u00eatre conduits \u00e0 vos logements, en seulement 1 heure et demie.<\/p>\n\n\n\n<h2>Votre photographe et votre vid\u00e9aste de mariage \u00e0 Megeve<\/h2>\n\n\n\n<p>Nous serions ravis de vous accompagner dans votre beau jour\/week-end \u00e0 Megeve et de capturer vos souvenirs afin que celui-ci reste inoubliable!<\/p>\n\n\n\n<p>Nous sommes un couple compos\u00e9 d\u2019un photographe et d\u2019une vid\u00e9aste de mariage. Nous connaissons bien la r\u00e9gion, car nous y habitons \u00e0 l\u2019ann\u00e9e!<\/p>\n\n\n\n<p>Nous explorons les possibilit\u00e9s artistiques des montagnes en photo et en vid\u00e9o gr\u00e2ce aux mariages que nous couvrons en France et en Suisse depuis 2013. C\u2019est aussi par ce biais que nous nous sommes rencontr\u00e9s et que nous sommes tomb\u00e9s amoureux.<br>Notre style discret refl\u00e8te notre vision de la photographie de mariage : cr\u00e9er des images authentiques qui resteront \u00e0 jamais \u00e9mouvantes pour le couple.<\/p>\n\n\n\n<p>Que vous soyez \u00e0 la recherche d\u2019un photographe de mariage, d\u2019un vid\u00e9aste de mariage, ou les deux, contactez-nous et dites-nous en plus \u00e0 propos de vous et de votre beau jour!<\/p>\n\n\n\n<h2>Plus d\u2019infos sur nos formules photo et vid\u00e9o de mariage \u00e0 Megeve<\/h2>\n\n\n\n<p>Nous serions ravis d\u2019en savoir plus sur vous et sur vos plans pour votre mariage!<\/p>\n\n\n\n<p>N\u2019h\u00e9sitez pas \u00e0 nous envoyer un message via <a href=\"#contact_anchor\">le formulaire de contact<\/a> si vous avez la moindre question sur nos formules photo et vid\u00e9o de mariage, ou si vous souhaitez r\u00e9server une date avec nous. Nous reviendrons vers vous dans les 3 jours ouvr\u00e9s.<\/p>\n","protected":false},"excerpt":{"rendered":"<p>Vous pr\u00e9voyez de vous mariez \u00e0 Meg\u00e8ve, dans les Alpes fran\u00e7aises? Excellent choix! Que vous veniez de loin ou que vous habitiez dans la r\u00e9gion, Meg\u00e8ve est un spot idyllique pour votre c\u00e9l\u00e9bration, d\u2019\u00e9t\u00e9 comme d\u2019hiver. En hiver (de la mi-D\u00e9cembre \u00e0 la mi-Avril), Meg\u00e8ve est une destination pris\u00e9e pour les sports de glisse tels [&hellip;]<\/p>\n","protected":false},"author":1,"featured_media":0,"parent":0,"menu_order":0,"comment_status":"closed","ping_status":"closed","template":"page-location.php","meta":[],"acf":[],"yoast_head":"<!-- This site is optimized with the Yoast SEO plugin v16.7 - https:\/\/yoast.com\/wordpress\/plugins\/seo\/ -->\n<meta name=\"description\" content=\"Que vous soyez \u00e0 la recherche d\u2019un photographe ou d\u2019un vid\u00e9aste de mariage \u00e0 Megeve, contactez-nous et dites-nous en plus \u00e0 propos de votre beau jour!\" \/>\n<meta name=\"robots\" content=\"index, follow, max-snippet:-1, max-image-preview:large, max-video-preview:-1\" \/>\n<link rel=\"canonical\" href=\"https:\/\/www.eight-bells.com\/fr\/photographe-videaste-mariage-megeve\/\" \/>\n<meta property=\"og:locale\" content=\"fr_FR\" \/>\n<meta property=\"og:type\" content=\"article\" \/>\n<meta property=\"og:title\" content=\"Photographe de Mariage \u00e0 Megeve - France\" \/>\n<meta property=\"og:description\" content=\"Que vous soyez \u00e0 la recherche d\u2019un photographe ou d\u2019un vid\u00e9aste de mariage \u00e0 Megeve, contactez-nous et dites-nous en plus \u00e0 propos de votre beau jour!\" \/>\n<meta property=\"og:url\" content=\"https:\/\/www.eight-bells.com\/fr\/photographe-videaste-mariage-megeve\/\" \/>\n<meta property=\"og:site_name\" content=\"Eight Bells\" \/>\n<meta property=\"article:modified_time\" content=\"2023-07-12T11:42:54+00:00\" \/>\n<meta name=\"twitter:card\" content=\"summary_large_image\" \/>\n<meta name=\"twitter:label1\" content=\"Dur\u00e9e de lecture est.\" \/>\n\t<meta name=\"twitter:data1\" content=\"3 minutes\" \/>\n<script type=\"application\/ld+json\" class=\"yoast-schema-graph\">{\"@context\":\"https:\/\/schema.org\",\"@graph\":[{\"@type\":\"WebSite\",\"@id\":\"https:\/\/www.eight-bells.com\/#website\",\"url\":\"https:\/\/www.eight-bells.com\/\",\"name\":\"Eight Bells\",\"description\":\"Wedding photography &amp; Videography\",\"potentialAction\":[{\"@type\":\"SearchAction\",\"target\":{\"@type\":\"EntryPoint\",\"urlTemplate\":\"https:\/\/www.eight-bells.com\/?s={search_term_string}\"},\"query-input\":\"required name=search_term_string\"}],\"inLanguage\":\"fr-FR\"},{\"@type\":\"WebPage\",\"@id\":\"https:\/\/www.eight-bells.com\/fr\/photographe-videaste-mariage-megeve\/#webpage\",\"url\":\"https:\/\/www.eight-bells.com\/fr\/photographe-videaste-mariage-megeve\/\",\"name\":\"Photographe de Mariage \\u00e0 Megeve - France\",\"isPartOf\":{\"@id\":\"https:\/\/www.eight-bells.com\/#website\"},\"datePublished\":\"2020-07-03T10:54:59+00:00\",\"dateModified\":\"2023-07-12T11:42:54+00:00\",\"description\":\"Que vous soyez \\u00e0 la recherche d\\u2019un photographe ou d\\u2019un vid\\u00e9aste de mariage \\u00e0 Megeve, contactez-nous et dites-nous en plus \\u00e0 propos de votre beau jour!\",\"breadcrumb\":{\"@id\":\"https:\/\/www.eight-bells.com\/fr\/photographe-videaste-mariage-megeve\/#breadcrumb\"},\"inLanguage\":\"fr-FR\",\"potentialAction\":[{\"@type\":\"ReadAction\",\"target\":[\"https:\/\/www.eight-bells.com\/fr\/photographe-videaste-mariage-megeve\/\"]}]},{\"@type\":\"BreadcrumbList\",\"@id\":\"https:\/\/www.eight-bells.com\/fr\/photographe-videaste-mariage-megeve\/#breadcrumb\",\"itemListElement\":[{\"@type\":\"ListItem\",\"position\":1,\"name\":\"Home\",\"item\":\"https:\/\/www.eight-bells.com\/fr\/\"},{\"@type\":\"ListItem\",\"position\":2,\"name\":\"Photographe de Mariage \\u00e0 Megeve\"}]}]}<\/script>\n<!-- \/ Yoast SEO plugin. -->","yoast_head_json":{"description":"Que vous soyez \u00e0 la recherche d\u2019un photographe ou d\u2019un vid\u00e9aste de mariage \u00e0 Megeve, contactez-nous et dites-nous en plus \u00e0 propos de votre beau jour!","robots":{"index":"index","follow":"follow","max-snippet":"max-snippet:-1","max-image-preview":"max-image-preview:large","max-video-preview":"max-video-preview:-1"},"canonical":"https:\/\/www.eight-bells.com\/fr\/photographe-videaste-mariage-megeve\/","og_locale":"fr_FR","og_type":"article","og_title":"Photographe de Mariage \u00e0 Megeve - France","og_description":"Que vous soyez \u00e0 la recherche d\u2019un photographe ou d\u2019un vid\u00e9aste de mariage \u00e0 Megeve, contactez-nous et dites-nous en plus \u00e0 propos de votre beau jour!","og_url":"https:\/\/www.eight-bells.com\/fr\/photographe-videaste-mariage-megeve\/","og_site_name":"Eight Bells","article_modified_time":"2023-07-12T11:42:54+00:00","twitter_card":"summary_large_image","twitter_misc":{"Dur\u00e9e de lecture est.":"3 minutes"},"schema":{"@context":"https:\/\/schema.org","@graph":[{"@type":"WebSite","@id":"https:\/\/www.eight-bells.com\/#website","url":"https:\/\/www.eight-bells.com\/","name":"Eight Bells","description":"Wedding photography &amp; Videography","potentialAction":[{"@type":"SearchAction","target":{"@type":"EntryPoint","urlTemplate":"https:\/\/www.eight-bells.com\/?s={search_term_string}"},"query-input":"required name=search_term_string"}],"inLanguage":"fr-FR"},{"@type":"WebPage","@id":"https:\/\/www.eight-bells.com\/fr\/photographe-videaste-mariage-megeve\/#webpage","url":"https:\/\/www.eight-bells.com\/fr\/photographe-videaste-mariage-megeve\/","name":"Photographe de Mariage \u00e0 Megeve - France","isPartOf":{"@id":"https:\/\/www.eight-bells.com\/#website"},"datePublished":"2020-07-03T10:54:59+00:00","dateModified":"2023-07-12T11:42:54+00:00","description":"Que vous soyez \u00e0 la recherche d\u2019un photographe ou d\u2019un vid\u00e9aste de mariage \u00e0 Megeve, contactez-nous et dites-nous en plus \u00e0 propos de votre beau jour!","breadcrumb":{"@id":"https:\/\/www.eight-bells.com\/fr\/photographe-videaste-mariage-megeve\/#breadcrumb"},"inLanguage":"fr-FR","potentialAction":[{"@type":"ReadAction","target":["https:\/\/www.eight-bells.com\/fr\/photographe-videaste-mariage-megeve\/"]}]},{"@type":"BreadcrumbList","@id":"https:\/\/www.eight-bells.com\/fr\/photographe-videaste-mariage-megeve\/#breadcrumb","itemListElement":[{"@type":"ListItem","position":1,"name":"Home","item":"https:\/\/www.eight-bells.com\/fr\/"},{"@type":"ListItem","position":2,"name":"Photographe de Mariage \u00e0 Megeve"}]}]}},"_links":{"self":[{"href":"https:\/\/www.eight-bells.com\/fr\/wp-json\/wp\/v2\/pages\/5713"}],"collection":[{"href":"https:\/\/www.eight-bells.com\/fr\/wp-json\/wp\/v2\/pages"}],"about":[{"href":"https:\/\/www.eight-bells.com\/fr\/wp-json\/wp\/v2\/types\/page"}],"author":[{"embeddable":true,"href":"https:\/\/www.eight-bells.com\/fr\/wp-json\/wp\/v2\/users\/1"}],"replies":[{"embeddable":true,"href":"https:\/\/www.eight-bells.com\/fr\/wp-json\/wp\/v2\/comments?post=5713"}],"version-history":[{"count":2,"href":"https:\/\/www.eight-bells.com\/fr\/wp-json\/wp\/v2\/pages\/5713\/revisions"}],"predecessor-version":[{"id":12122,"href":"https:\/\/www.eight-bells.com\/fr\/wp-json\/wp\/v2\/pages\/5713\/revisions\/12122"}],"wp:attachment":[{"href":"https:\/\/www.eight-bells.com\/fr\/wp-json\/wp\/v2\/media?parent=5713"}],"curies":[{"name":"wp","href":"https:\/\/api.w.org\/{rel}","templated":true}]}}