{"id":5704,"date":"2020-06-23T07:55:06","date_gmt":"2020-06-23T07:55:06","guid":{"rendered":"https:\/\/www.eight-bells.com\/morzine-wedding-photographer-videographer\/"},"modified":"2023-07-12T11:43:07","modified_gmt":"2023-07-12T11:43:07","slug":"photographe-videaste-mariage-morzine","status":"publish","type":"page","link":"https:\/\/www.eight-bells.com\/fr\/photographe-videaste-mariage-morzine\/","title":{"rendered":"Photographe de Mariage \u00e0 Morzine"},"content":{"rendered":"\n<p>Vous pr\u00e9voyez de vous marier \u00e0 Morzine, dans les Alpes fran\u00e7aises? Excellent choix! Que vous veniez de loin ou que vous habitiez dans la r\u00e9gion, Morzine est un spot idyllique pour votre c\u00e9l\u00e9bration, d\u2019\u00e9t\u00e9 comme d\u2019hiver.<\/p>\n\n\n\n<figure class=\"wp-block-image size-large topmarginon bottommarginon\"><img loading=\"lazy\" width=\"1000\" height=\"667\" src=\"https:\/\/www.eight-bells.com\/wp-content\/uploads\/2019\/11\/french-alps-wedding-the-farmhouse-morzine-sn_0003.jpg\" alt=\"\" class=\"wp-image-1882\" srcset=\"https:\/\/www.eight-bells.com\/wp-content\/uploads\/2019\/11\/french-alps-wedding-the-farmhouse-morzine-sn_0003.jpg 1000w, https:\/\/www.eight-bells.com\/wp-content\/uploads\/2019\/11\/french-alps-wedding-the-farmhouse-morzine-sn_0003-300x200.jpg 300w, https:\/\/www.eight-bells.com\/wp-content\/uploads\/2019\/11\/french-alps-wedding-the-farmhouse-morzine-sn_0003-768x512.jpg 768w\" sizes=\"(max-width: 1000px) 100vw, 1000px\" \/><\/figure>\n\n\n\n<p>Morzine est une charmante petite ville de station avec une vue imprenable sur les montagnes, de bonnes adresses gastronomiques, des logements confortables et romantiques pour toutes les bourses, et des activit\u00e9s pour tous!<\/p>\n\n\n\n<figure class=\"wp-block-gallery columns-2 is-cropped topmarginon\"><ul class=\"blocks-gallery-grid\"><li class=\"blocks-gallery-item\"><figure><img loading=\"lazy\" width=\"683\" height=\"1024\" src=\"https:\/\/www.eight-bells.com\/wp-content\/uploads\/2020\/06\/Wedding-hair-mountain-2-683x1024.jpg\" alt=\"\" data-id=\"3973\" data-full-url=\"https:\/\/www.eight-bells.com\/wp-content\/uploads\/2020\/06\/Wedding-hair-mountain-2.jpg\" data-link=\"https:\/\/www.eight-bells.com\/5-tips-for-your-wedding-hairstyle\/wedding-hair-mountain-2\/\" class=\"wp-image-3973\" srcset=\"https:\/\/www.eight-bells.com\/wp-content\/uploads\/2020\/06\/Wedding-hair-mountain-2-683x1024.jpg 683w, https:\/\/www.eight-bells.com\/wp-content\/uploads\/2020\/06\/Wedding-hair-mountain-2-200x300.jpg 200w, https:\/\/www.eight-bells.com\/wp-content\/uploads\/2020\/06\/Wedding-hair-mountain-2-768x1152.jpg 768w, https:\/\/www.eight-bells.com\/wp-content\/uploads\/2020\/06\/Wedding-hair-mountain-2.jpg 1024w\" sizes=\"(max-width: 683px) 100vw, 683px\" \/><\/figure><\/li><li class=\"blocks-gallery-item\"><figure><img loading=\"lazy\" width=\"683\" height=\"1024\" src=\"https:\/\/www.eight-bells.com\/wp-content\/uploads\/2020\/06\/wedding-morzine-chalet-morin-church-french-alps-o-and-t_0100-683x1024.jpg\" alt=\"\" data-id=\"4993\" data-full-url=\"https:\/\/www.eight-bells.com\/wp-content\/uploads\/2020\/06\/wedding-morzine-chalet-morin-church-french-alps-o-and-t_0100.jpg\" data-link=\"https:\/\/www.eight-bells.com\/real_wedding\/festive-morzine-wedding-in-chalet-morin\/wedding-morzine-chalet-morin-church-french-alps-o-and-t_0100\/\" class=\"wp-image-4993\" srcset=\"https:\/\/www.eight-bells.com\/wp-content\/uploads\/2020\/06\/wedding-morzine-chalet-morin-church-french-alps-o-and-t_0100-683x1024.jpg 683w, https:\/\/www.eight-bells.com\/wp-content\/uploads\/2020\/06\/wedding-morzine-chalet-morin-church-french-alps-o-and-t_0100-200x300.jpg 200w, https:\/\/www.eight-bells.com\/wp-content\/uploads\/2020\/06\/wedding-morzine-chalet-morin-church-french-alps-o-and-t_0100-768x1152.jpg 768w, https:\/\/www.eight-bells.com\/wp-content\/uploads\/2020\/06\/wedding-morzine-chalet-morin-church-french-alps-o-and-t_0100.jpg 1000w\" sizes=\"(max-width: 683px) 100vw, 683px\" \/><\/figure><\/li><\/ul><\/figure>\n\n\n\n<figure class=\"wp-block-image size-large topmarginon bottommarginon\"><img loading=\"lazy\" width=\"1000\" height=\"667\" src=\"https:\/\/www.eight-bells.com\/wp-content\/uploads\/2019\/10\/intimate-wedding-chamonix-french-alps-je_24.jpg\" alt=\"\" class=\"wp-image-1846\" srcset=\"https:\/\/www.eight-bells.com\/wp-content\/uploads\/2019\/10\/intimate-wedding-chamonix-french-alps-je_24.jpg 1000w, https:\/\/www.eight-bells.com\/wp-content\/uploads\/2019\/10\/intimate-wedding-chamonix-french-alps-je_24-300x200.jpg 300w, https:\/\/www.eight-bells.com\/wp-content\/uploads\/2019\/10\/intimate-wedding-chamonix-french-alps-je_24-768x512.jpg 768w\" sizes=\"(max-width: 1000px) 100vw, 1000px\" \/><\/figure>\n\n\n\n<p>Morzine est r\u00e9put\u00e9e pour sa station de ski en hiver(de la mi-D\u00e9cembre \u00e0 la mi-Avril) et fait partie du domaine skiable des Portes du Soleil, qui la connectent \u00e0 Avoriaz , Champ\u00e9ry, et la Suisse.<br>Les mariages d\u2019hiver \u00e0 Meg\u00e8ve sont magiques, et baignent dans une atmosph\u00e8re cosy et chaleureuse : imaginez les bougies, les feux de chemin\u00e9e, le vin chaud et les tapis de fausse fourrure\u2026<\/p>\n\n\n\n<figure class=\"wp-block-gallery columns-2 is-cropped topmarginon bottommarginon\"><ul class=\"blocks-gallery-grid\"><li class=\"blocks-gallery-item\"><figure><img loading=\"lazy\" width=\"668\" height=\"1000\" src=\"https:\/\/www.eight-bells.com\/wp-content\/uploads\/2019\/02\/wedding-venue-chasse-montagne-les-gets-main-8.jpg\" alt=\"\" data-id=\"325\" data-full-url=\"https:\/\/www.eight-bells.com\/wp-content\/uploads\/2019\/02\/wedding-venue-chasse-montagne-les-gets-main-8.jpg\" data-link=\"https:\/\/www.eight-bells.com\/wedding-venue-les-gets-la-chasse-montagne\/wedding-venue-chasse-montagne-les-gets-main-8\/\" class=\"wp-image-325\" srcset=\"https:\/\/www.eight-bells.com\/wp-content\/uploads\/2019\/02\/wedding-venue-chasse-montagne-les-gets-main-8.jpg 668w, https:\/\/www.eight-bells.com\/wp-content\/uploads\/2019\/02\/wedding-venue-chasse-montagne-les-gets-main-8-200x300.jpg 200w\" sizes=\"(max-width: 668px) 100vw, 668px\" \/><\/figure><\/li><li class=\"blocks-gallery-item\"><figure><img loading=\"lazy\" width=\"683\" height=\"1024\" src=\"https:\/\/www.eight-bells.com\/wp-content\/uploads\/2020\/03\/winter-wedding-lake-montriond-domaine-du-baron-ja-29-683x1024.jpg\" alt=\"\" data-id=\"2553\" data-full-url=\"https:\/\/www.eight-bells.com\/wp-content\/uploads\/2020\/03\/winter-wedding-lake-montriond-domaine-du-baron-ja-29.jpg\" data-link=\"https:\/\/www.eight-bells.com\/real_wedding\/winter-wedding-lake-montriond-domaine-du-baron-ja\/winter-wedding-lake-montriond-domaine-du-baron-ja-29\/\" class=\"wp-image-2553\" srcset=\"https:\/\/www.eight-bells.com\/wp-content\/uploads\/2020\/03\/winter-wedding-lake-montriond-domaine-du-baron-ja-29-683x1024.jpg 683w, https:\/\/www.eight-bells.com\/wp-content\/uploads\/2020\/03\/winter-wedding-lake-montriond-domaine-du-baron-ja-29-200x300.jpg 200w, https:\/\/www.eight-bells.com\/wp-content\/uploads\/2020\/03\/winter-wedding-lake-montriond-domaine-du-baron-ja-29-768x1152.jpg 768w, https:\/\/www.eight-bells.com\/wp-content\/uploads\/2020\/03\/winter-wedding-lake-montriond-domaine-du-baron-ja-29.jpg 1024w\" sizes=\"(max-width: 683px) 100vw, 683px\" \/><\/figure><\/li><\/ul><\/figure>\n\n\n\n<p>En \u00e9t\u00e9, Morzine change compl\u00e8tement de visage. La ville ralentit et adopte un rythme plus calme. Les touristes sont attir\u00e9s par ses lacs bleus, ses prairies de fleurs sauvages, et ses for\u00eats verdoyantes. Chamonix a beaucoup \u00e0 offrir, avec ses nombreuses activit\u00e9s d\u2019ext\u00e9rieurs : randonn\u00e9e, v\u00e9lo, parapente, et bien d\u2019autres.<br><br>Les jours sont plus longs et les temp\u00e9ratures ext\u00e9rieures sont id\u00e9ales pour un cocktail de mariage ou un repas en ext\u00e9rieur.<\/p>\n\n\n\n<figure class=\"wp-block-image size-large topmarginon bottommarginon\"><img loading=\"lazy\" width=\"1024\" height=\"683\" src=\"https:\/\/www.eight-bells.com\/wp-content\/uploads\/2020\/01\/colourful-summer-alpine-wedding-rhone-alps-48-1024x683.jpg\" alt=\"\" class=\"wp-image-2172\" srcset=\"https:\/\/www.eight-bells.com\/wp-content\/uploads\/2020\/01\/colourful-summer-alpine-wedding-rhone-alps-48-1024x683.jpg 1024w, https:\/\/www.eight-bells.com\/wp-content\/uploads\/2020\/01\/colourful-summer-alpine-wedding-rhone-alps-48-300x200.jpg 300w, https:\/\/www.eight-bells.com\/wp-content\/uploads\/2020\/01\/colourful-summer-alpine-wedding-rhone-alps-48-768x512.jpg 768w, https:\/\/www.eight-bells.com\/wp-content\/uploads\/2020\/01\/colourful-summer-alpine-wedding-rhone-alps-48.jpg 1099w\" sizes=\"(max-width: 1024px) 100vw, 1024px\" \/><\/figure>\n\n\n\n<h2>Se marier \u00e0 Morzine<\/h2>\n\n\n\n<p>Vous trouverez \u00e0 Morzine un large choix en terme de lieux de mariage et de solutions d\u2019h\u00e9bergements, qui sont tout \u00e9quip\u00e9s pour une c\u00e9r\u00e9monie la\u00efque inoubliable : que ce soit sur une terrasse, dans un jardin ou au bord du lac, la vue sur les montagnes est incroyable!<br>Vous pouvez \u00e9galement organiser une c\u00e9r\u00e9monie plus classique dans la belle \u00e9glise de Sainte Marie Madeleine de Morzine.<\/p>\n\n\n\n<figure class=\"wp-block-image size-large topmarginon\"><img loading=\"lazy\" width=\"1000\" height=\"746\" src=\"https:\/\/www.eight-bells.com\/wp-content\/uploads\/2020\/06\/wedding-morzine-chalet-morin-church-french-alps-o-and-t_0015.jpg\" alt=\"\" class=\"wp-image-4827\" srcset=\"https:\/\/www.eight-bells.com\/wp-content\/uploads\/2020\/06\/wedding-morzine-chalet-morin-church-french-alps-o-and-t_0015.jpg 1000w, https:\/\/www.eight-bells.com\/wp-content\/uploads\/2020\/06\/wedding-morzine-chalet-morin-church-french-alps-o-and-t_0015-300x224.jpg 300w, https:\/\/www.eight-bells.com\/wp-content\/uploads\/2020\/06\/wedding-morzine-chalet-morin-church-french-alps-o-and-t_0015-768x573.jpg 768w\" sizes=\"(max-width: 1000px) 100vw, 1000px\" \/><\/figure>\n\n\n\n<figure class=\"wp-block-image size-large topmarginon bottommarginon\"><img loading=\"lazy\" width=\"1000\" height=\"667\" src=\"https:\/\/www.eight-bells.com\/wp-content\/uploads\/2019\/02\/wedding-domaine-du-Baron-montriond-lake-french-alps-ge-thumbnail.jpg\" alt=\"\" class=\"wp-image-417\" srcset=\"https:\/\/www.eight-bells.com\/wp-content\/uploads\/2019\/02\/wedding-domaine-du-Baron-montriond-lake-french-alps-ge-thumbnail.jpg 1000w, https:\/\/www.eight-bells.com\/wp-content\/uploads\/2019\/02\/wedding-domaine-du-Baron-montriond-lake-french-alps-ge-thumbnail-300x200.jpg 300w, https:\/\/www.eight-bells.com\/wp-content\/uploads\/2019\/02\/wedding-domaine-du-Baron-montriond-lake-french-alps-ge-thumbnail-768x512.jpg 768w\" sizes=\"(max-width: 1000px) 100vw, 1000px\" \/><\/figure>\n\n\n\n<p>Si vous ou vos invit\u00e9s vivez \u00e0 l\u2019\u00e9tranger, l\u2019a\u00e9roport International de Gen\u00e8ve permet d\u2019acc\u00e9der facilement \u00e0 Chamonix depuis n\u2019importe quel point dans le monde. Gr\u00e2ce aux compagnies de taxis et mini-vans locaux, vos invit\u00e9s et vous-m\u00eames pouvez directement \u00eatre conduits \u00e0 vos logements, en seulement 1 heure et demie.<br><br>Nous avons dans notre carnet d\u2019adresse des weddings planners, des fleuristes, des coiffeuses et maquilleuses, des musiciens et des photographes qui pourront vous aider \u00e0 r\u00e9aliser votre r\u00eave.<\/p>\n\n\n\n<figure class=\"wp-block-image size-large topmarginon bottommarginon\"><img loading=\"lazy\" width=\"1000\" height=\"667\" src=\"https:\/\/www.eight-bells.com\/wp-content\/uploads\/2019\/11\/mountain-engagement-shoot-morzine-french-alps-ne_0004.jpg\" alt=\"\" class=\"wp-image-1867\" srcset=\"https:\/\/www.eight-bells.com\/wp-content\/uploads\/2019\/11\/mountain-engagement-shoot-morzine-french-alps-ne_0004.jpg 1000w, https:\/\/www.eight-bells.com\/wp-content\/uploads\/2019\/11\/mountain-engagement-shoot-morzine-french-alps-ne_0004-300x200.jpg 300w, https:\/\/www.eight-bells.com\/wp-content\/uploads\/2019\/11\/mountain-engagement-shoot-morzine-french-alps-ne_0004-768x512.jpg 768w\" sizes=\"(max-width: 1000px) 100vw, 1000px\" \/><\/figure>\n\n\n\n<figure class=\"wp-block-image size-large topmarginon bottommarginon\"><img loading=\"lazy\" width=\"1000\" height=\"668\" src=\"https:\/\/www.eight-bells.com\/wp-content\/uploads\/2019\/02\/wedding_french_alps_lake_montriond_ferme_lac_vert_nv_main-1.jpg\" alt=\"\" class=\"wp-image-139\" srcset=\"https:\/\/www.eight-bells.com\/wp-content\/uploads\/2019\/02\/wedding_french_alps_lake_montriond_ferme_lac_vert_nv_main-1.jpg 1000w, https:\/\/www.eight-bells.com\/wp-content\/uploads\/2019\/02\/wedding_french_alps_lake_montriond_ferme_lac_vert_nv_main-1-300x200.jpg 300w, https:\/\/www.eight-bells.com\/wp-content\/uploads\/2019\/02\/wedding_french_alps_lake_montriond_ferme_lac_vert_nv_main-1-768x513.jpg 768w\" sizes=\"(max-width: 1000px) 100vw, 1000px\" \/><\/figure>\n\n\n\n<h2>Votre photographe et votre vid\u00e9aste de mariage \u00e0 Morzine<\/h2>\n\n\n\n<p>Nous serions ravis de vous accompagner dans votre beau jour\/week-end \u00e0 Morzine et de capturer vos souvenirs afin que celui-ci reste inoubliable!<br><br>Nous sommes un couple compos\u00e9 d\u2019un photographe et d\u2019une vid\u00e9aste de mariage. Nous connaissons bien la r\u00e9gion, car nous y habitons \u00e0 l\u2019ann\u00e9e!<br><br>Nous explorons les possibilit\u00e9s artistiques des montagnes en photo et en vid\u00e9o gr\u00e2ce aux mariages que nous couvrons en France et en Suisse depuis 2013. C\u2019est aussi par ce biais que nous nous sommes rencontr\u00e9s et que nous sommes tomb\u00e9s amoureux.<br>Notre style discret refl\u00e8te notre vision de la photographie de mariage : cr\u00e9er des images authentiques qui resteront \u00e0 jamais \u00e9mouvantes pour le couple.<\/p>\n\n\n\n<figure class=\"wp-block-gallery columns-2 is-cropped topmarginon bottommarginon\"><ul class=\"blocks-gallery-grid\"><li class=\"blocks-gallery-item\"><figure><img loading=\"lazy\" width=\"614\" height=\"922\" src=\"https:\/\/www.eight-bells.com\/wp-content\/uploads\/2020\/06\/polly-1.jpg\" alt=\"\" data-id=\"5142\" data-full-url=\"https:\/\/www.eight-bells.com\/wp-content\/uploads\/2020\/06\/polly-1.jpg\" data-link=\"https:\/\/www.eight-bells.com\/morzine-wedding-photographer-videographer\/polly-1\/\" class=\"wp-image-5142\" srcset=\"https:\/\/www.eight-bells.com\/wp-content\/uploads\/2020\/06\/polly-1.jpg 614w, https:\/\/www.eight-bells.com\/wp-content\/uploads\/2020\/06\/polly-1-200x300.jpg 200w\" sizes=\"(max-width: 614px) 100vw, 614px\" \/><\/figure><\/li><li class=\"blocks-gallery-item\"><figure><img loading=\"lazy\" width=\"683\" height=\"1024\" src=\"https:\/\/www.eight-bells.com\/wp-content\/uploads\/2020\/06\/reuben-683x1024.jpg\" alt=\"\" data-id=\"5144\" data-full-url=\"https:\/\/www.eight-bells.com\/wp-content\/uploads\/2020\/06\/reuben.jpg\" data-link=\"https:\/\/www.eight-bells.com\/morzine-wedding-photographer-videographer\/reuben\/\" class=\"wp-image-5144\" srcset=\"https:\/\/www.eight-bells.com\/wp-content\/uploads\/2020\/06\/reuben-683x1024.jpg 683w, https:\/\/www.eight-bells.com\/wp-content\/uploads\/2020\/06\/reuben-200x300.jpg 200w, https:\/\/www.eight-bells.com\/wp-content\/uploads\/2020\/06\/reuben-768x1152.jpg 768w, https:\/\/www.eight-bells.com\/wp-content\/uploads\/2020\/06\/reuben.jpg 800w\" sizes=\"(max-width: 683px) 100vw, 683px\" \/><\/figure><\/li><\/ul><\/figure>\n\n\n\n<p>Que vous soyez \u00e0 la recherche d\u2019un photographe de mariage, d\u2019un vid\u00e9aste de mariage, ou les deux, contactez-nous et dites-nous en plus \u00e0 propos de vous et de votre beau jour!<\/p>\n\n\n\n<h2>Plus d\u2019infos sur nos formules photo et vid\u00e9o de mariage \u00e0 Morzine<\/h2>\n\n\n\n<p>Nous serions ravis d\u2019en savoir plus sur vous et sur vos plans pour votre mariage!<\/p>\n\n\n\n<p>N\u2019h\u00e9sitez pas \u00e0 nous envoyer un message via <a href=\"#contact_anchor\">le formulaire de contact<\/a> si vous avez la moindre question sur nos formules photo et vid\u00e9o de mariage, ou si vous souhaitez r\u00e9server une date avec nous. Nous reviendrons vers vous dans les 3 jours ouvr\u00e9s.<\/p>\n","protected":false},"excerpt":{"rendered":"<p>Vous pr\u00e9voyez de vous marier \u00e0 Morzine, dans les Alpes fran\u00e7aises? Excellent choix! Que vous veniez de loin ou que vous habitiez dans la r\u00e9gion, Morzine est un spot idyllique pour votre c\u00e9l\u00e9bration, d\u2019\u00e9t\u00e9 comme d\u2019hiver. Morzine est une charmante petite ville de station avec une vue imprenable sur les montagnes, de bonnes adresses gastronomiques, [&hellip;]<\/p>\n","protected":false},"author":1,"featured_media":0,"parent":0,"menu_order":0,"comment_status":"closed","ping_status":"closed","template":"page-location.php","meta":[],"acf":[],"yoast_head":"<!-- This site is optimized with the Yoast SEO plugin v16.7 - https:\/\/yoast.com\/wordpress\/plugins\/seo\/ -->\n<meta name=\"description\" content=\"Que vous soyez \u00e0 la recherche d\u2019un photographe ou d\u2019un vid\u00e9aste de mariage \u00e0 Morzine, contactez-nous et dites-nous en plus \u00e0 propos de votre beau jour!\" \/>\n<meta name=\"robots\" content=\"index, follow, max-snippet:-1, max-image-preview:large, max-video-preview:-1\" \/>\n<link rel=\"canonical\" href=\"https:\/\/www.eight-bells.com\/fr\/photographe-videaste-mariage-morzine\/\" \/>\n<meta property=\"og:locale\" content=\"fr_FR\" \/>\n<meta property=\"og:type\" content=\"article\" \/>\n<meta property=\"og:title\" content=\"Photographe de Mariage \u00e0 Morzine - France\" \/>\n<meta property=\"og:description\" content=\"Que vous soyez \u00e0 la recherche d\u2019un photographe ou d\u2019un vid\u00e9aste de mariage \u00e0 Morzine, contactez-nous et dites-nous en plus \u00e0 propos de votre beau jour!\" \/>\n<meta property=\"og:url\" content=\"https:\/\/www.eight-bells.com\/fr\/photographe-videaste-mariage-morzine\/\" \/>\n<meta property=\"og:site_name\" content=\"Eight Bells\" \/>\n<meta property=\"article:modified_time\" content=\"2023-07-12T11:43:07+00:00\" \/>\n<meta property=\"og:image\" content=\"https:\/\/www.eight-bells.com\/wp-content\/uploads\/2019\/11\/french-alps-wedding-the-farmhouse-morzine-sn_0003.jpg\" \/>\n<meta name=\"twitter:card\" content=\"summary_large_image\" \/>\n<meta name=\"twitter:label1\" content=\"Dur\u00e9e de lecture est.\" \/>\n\t<meta name=\"twitter:data1\" content=\"6 minutes\" \/>\n<script type=\"application\/ld+json\" class=\"yoast-schema-graph\">{\"@context\":\"https:\/\/schema.org\",\"@graph\":[{\"@type\":\"WebSite\",\"@id\":\"https:\/\/www.eight-bells.com\/#website\",\"url\":\"https:\/\/www.eight-bells.com\/\",\"name\":\"Eight Bells\",\"description\":\"Wedding photography &amp; Videography\",\"potentialAction\":[{\"@type\":\"SearchAction\",\"target\":{\"@type\":\"EntryPoint\",\"urlTemplate\":\"https:\/\/www.eight-bells.com\/?s={search_term_string}\"},\"query-input\":\"required name=search_term_string\"}],\"inLanguage\":\"fr-FR\"},{\"@type\":\"ImageObject\",\"@id\":\"https:\/\/www.eight-bells.com\/fr\/photographe-videaste-mariage-morzine\/#primaryimage\",\"inLanguage\":\"fr-FR\",\"url\":\"https:\/\/www.eight-bells.com\/wp-content\/uploads\/2019\/11\/french-alps-wedding-the-farmhouse-morzine-sn_0003.jpg\",\"contentUrl\":\"https:\/\/www.eight-bells.com\/wp-content\/uploads\/2019\/11\/french-alps-wedding-the-farmhouse-morzine-sn_0003.jpg\",\"width\":1000,\"height\":667},{\"@type\":\"WebPage\",\"@id\":\"https:\/\/www.eight-bells.com\/fr\/photographe-videaste-mariage-morzine\/#webpage\",\"url\":\"https:\/\/www.eight-bells.com\/fr\/photographe-videaste-mariage-morzine\/\",\"name\":\"Photographe de Mariage \\u00e0 Morzine - France\",\"isPartOf\":{\"@id\":\"https:\/\/www.eight-bells.com\/#website\"},\"primaryImageOfPage\":{\"@id\":\"https:\/\/www.eight-bells.com\/fr\/photographe-videaste-mariage-morzine\/#primaryimage\"},\"datePublished\":\"2020-06-23T07:55:06+00:00\",\"dateModified\":\"2023-07-12T11:43:07+00:00\",\"description\":\"Que vous soyez \\u00e0 la recherche d\\u2019un photographe ou d\\u2019un vid\\u00e9aste de mariage \\u00e0 Morzine, contactez-nous et dites-nous en plus \\u00e0 propos de votre beau jour!\",\"breadcrumb\":{\"@id\":\"https:\/\/www.eight-bells.com\/fr\/photographe-videaste-mariage-morzine\/#breadcrumb\"},\"inLanguage\":\"fr-FR\",\"potentialAction\":[{\"@type\":\"ReadAction\",\"target\":[\"https:\/\/www.eight-bells.com\/fr\/photographe-videaste-mariage-morzine\/\"]}]},{\"@type\":\"BreadcrumbList\",\"@id\":\"https:\/\/www.eight-bells.com\/fr\/photographe-videaste-mariage-morzine\/#breadcrumb\",\"itemListElement\":[{\"@type\":\"ListItem\",\"position\":1,\"name\":\"Home\",\"item\":\"https:\/\/www.eight-bells.com\/fr\/\"},{\"@type\":\"ListItem\",\"position\":2,\"name\":\"Photographe de Mariage \\u00e0 Morzine\"}]}]}<\/script>\n<!-- \/ Yoast SEO plugin. -->","yoast_head_json":{"description":"Que vous soyez \u00e0 la recherche d\u2019un photographe ou d\u2019un vid\u00e9aste de mariage \u00e0 Morzine, contactez-nous et dites-nous en plus \u00e0 propos de votre beau jour!","robots":{"index":"index","follow":"follow","max-snippet":"max-snippet:-1","max-image-preview":"max-image-preview:large","max-video-preview":"max-video-preview:-1"},"canonical":"https:\/\/www.eight-bells.com\/fr\/photographe-videaste-mariage-morzine\/","og_locale":"fr_FR","og_type":"article","og_title":"Photographe de Mariage \u00e0 Morzine - France","og_description":"Que vous soyez \u00e0 la recherche d\u2019un photographe ou d\u2019un vid\u00e9aste de mariage \u00e0 Morzine, contactez-nous et dites-nous en plus \u00e0 propos de votre beau jour!","og_url":"https:\/\/www.eight-bells.com\/fr\/photographe-videaste-mariage-morzine\/","og_site_name":"Eight Bells","article_modified_time":"2023-07-12T11:43:07+00:00","og_image":[{"url":"https:\/\/www.eight-bells.com\/wp-content\/uploads\/2019\/11\/french-alps-wedding-the-farmhouse-morzine-sn_0003.jpg"}],"twitter_card":"summary_large_image","twitter_misc":{"Dur\u00e9e de lecture est.":"6 minutes"},"schema":{"@context":"https:\/\/schema.org","@graph":[{"@type":"WebSite","@id":"https:\/\/www.eight-bells.com\/#website","url":"https:\/\/www.eight-bells.com\/","name":"Eight Bells","description":"Wedding photography &amp; Videography","potentialAction":[{"@type":"SearchAction","target":{"@type":"EntryPoint","urlTemplate":"https:\/\/www.eight-bells.com\/?s={search_term_string}"},"query-input":"required name=search_term_string"}],"inLanguage":"fr-FR"},{"@type":"ImageObject","@id":"https:\/\/www.eight-bells.com\/fr\/photographe-videaste-mariage-morzine\/#primaryimage","inLanguage":"fr-FR","url":"https:\/\/www.eight-bells.com\/wp-content\/uploads\/2019\/11\/french-alps-wedding-the-farmhouse-morzine-sn_0003.jpg","contentUrl":"https:\/\/www.eight-bells.com\/wp-content\/uploads\/2019\/11\/french-alps-wedding-the-farmhouse-morzine-sn_0003.jpg","width":1000,"height":667},{"@type":"WebPage","@id":"https:\/\/www.eight-bells.com\/fr\/photographe-videaste-mariage-morzine\/#webpage","url":"https:\/\/www.eight-bells.com\/fr\/photographe-videaste-mariage-morzine\/","name":"Photographe de Mariage \u00e0 Morzine - France","isPartOf":{"@id":"https:\/\/www.eight-bells.com\/#website"},"primaryImageOfPage":{"@id":"https:\/\/www.eight-bells.com\/fr\/photographe-videaste-mariage-morzine\/#primaryimage"},"datePublished":"2020-06-23T07:55:06+00:00","dateModified":"2023-07-12T11:43:07+00:00","description":"Que vous soyez \u00e0 la recherche d\u2019un photographe ou d\u2019un vid\u00e9aste de mariage \u00e0 Morzine, contactez-nous et dites-nous en plus \u00e0 propos de votre beau jour!","breadcrumb":{"@id":"https:\/\/www.eight-bells.com\/fr\/photographe-videaste-mariage-morzine\/#breadcrumb"},"inLanguage":"fr-FR","potentialAction":[{"@type":"ReadAction","target":["https:\/\/www.eight-bells.com\/fr\/photographe-videaste-mariage-morzine\/"]}]},{"@type":"BreadcrumbList","@id":"https:\/\/www.eight-bells.com\/fr\/photographe-videaste-mariage-morzine\/#breadcrumb","itemListElement":[{"@type":"ListItem","position":1,"name":"Home","item":"https:\/\/www.eight-bells.com\/fr\/"},{"@type":"ListItem","position":2,"name":"Photographe de Mariage \u00e0 Morzine"}]}]}},"_links":{"self":[{"href":"https:\/\/www.eight-bells.com\/fr\/wp-json\/wp\/v2\/pages\/5704"}],"collection":[{"href":"https:\/\/www.eight-bells.com\/fr\/wp-json\/wp\/v2\/pages"}],"about":[{"href":"https:\/\/www.eight-bells.com\/fr\/wp-json\/wp\/v2\/types\/page"}],"author":[{"embeddable":true,"href":"https:\/\/www.eight-bells.com\/fr\/wp-json\/wp\/v2\/users\/1"}],"replies":[{"embeddable":true,"href":"https:\/\/www.eight-bells.com\/fr\/wp-json\/wp\/v2\/comments?post=5704"}],"version-history":[{"count":4,"href":"https:\/\/www.eight-bells.com\/fr\/wp-json\/wp\/v2\/pages\/5704\/revisions"}],"predecessor-version":[{"id":12123,"href":"https:\/\/www.eight-bells.com\/fr\/wp-json\/wp\/v2\/pages\/5704\/revisions\/12123"}],"wp:attachment":[{"href":"https:\/\/www.eight-bells.com\/fr\/wp-json\/wp\/v2\/media?parent=5704"}],"curies":[{"name":"wp","href":"https:\/\/api.w.org\/{rel}","templated":true}]}}