{"id":2706,"date":"2019-01-27T09:59:32","date_gmt":"2019-01-27T09:59:32","guid":{"rendered":"https:\/\/www.eight-bells.com\/home\/"},"modified":"2026-05-06T14:49:23","modified_gmt":"2026-05-06T14:49:23","slug":"home","status":"publish","type":"page","link":"https:\/\/www.eight-bells.com\/fr\/","title":{"rendered":"ACCUEIL"},"content":{"rendered":"","protected":false},"excerpt":{"rendered":"","protected":false},"author":1,"featured_media":0,"parent":0,"menu_order":0,"comment_status":"closed","ping_status":"closed","template":"front-page.php","meta":[],"acf":[],"yoast_head":"<!-- This site is optimized with the Yoast SEO plugin v16.7 - https:\/\/yoast.com\/wordpress\/plugins\/seo\/ -->\n<meta name=\"description\" content=\"Photographe et vid\u00e9aste bas\u00e9 \u00e0 Morzine Chamonix, qui voyage \u00e0 travers les Alpes fran\u00e7aises pour capturer les histoires des amoureux.\" \/>\n<meta name=\"robots\" content=\"index, follow, max-snippet:-1, max-image-preview:large, max-video-preview:-1\" \/>\n<link rel=\"canonical\" href=\"https:\/\/www.eight-bells.com\/fr\/\" \/>\n<meta property=\"og:locale\" content=\"fr_FR\" \/>\n<meta property=\"og:type\" content=\"article\" \/>\n<meta property=\"og:title\" content=\"Wedding Photographer Videographer - Morzine &amp; Chamonix - French Alps\" \/>\n<meta property=\"og:description\" content=\"We are a photographer &amp; videographer based in Morzine Chamonix, who travel across the French Alps &amp; Europe to capture the stories of people in love.\" \/>\n<meta property=\"og:url\" content=\"https:\/\/www.eight-bells.com\/fr\/\" \/>\n<meta property=\"og:site_name\" content=\"Eight Bells\" \/>\n<meta property=\"article:modified_time\" content=\"2026-05-06T14:49:23+00:00\" \/>\n<meta property=\"og:image\" content=\"https:\/\/www.eight-bells.com\/wp-content\/uploads\/2019\/01\/wedding_farmhouse_morzine_summer_joux_plane_rc_cover.jpg\" \/>\n\t<meta property=\"og:image:width\" content=\"1200\" \/>\n\t<meta property=\"og:image:height\" content=\"600\" \/>\n<meta name=\"twitter:card\" content=\"summary_large_image\" \/>\n<script type=\"application\/ld+json\" class=\"yoast-schema-graph\">{\"@context\":\"https:\/\/schema.org\",\"@graph\":[{\"@type\":\"WebSite\",\"@id\":\"https:\/\/www.eight-bells.com\/#website\",\"url\":\"https:\/\/www.eight-bells.com\/\",\"name\":\"Eight Bells\",\"description\":\"Wedding photography &amp; Videography\",\"potentialAction\":[{\"@type\":\"SearchAction\",\"target\":{\"@type\":\"EntryPoint\",\"urlTemplate\":\"https:\/\/www.eight-bells.com\/?s={search_term_string}\"},\"query-input\":\"required name=search_term_string\"}],\"inLanguage\":\"fr-FR\"},{\"@type\":\"ImageObject\",\"@id\":\"https:\/\/www.eight-bells.com\/fr\/#primaryimage\",\"inLanguage\":\"fr-FR\",\"url\":\"https:\/\/www.eight-bells.com\/wp-content\/uploads\/2019\/01\/wedding_farmhouse_morzine_summer_joux_plane_rc_cover.jpg\",\"contentUrl\":\"https:\/\/www.eight-bells.com\/wp-content\/uploads\/2019\/01\/wedding_farmhouse_morzine_summer_joux_plane_rc_cover.jpg\",\"width\":1200,\"height\":600,\"caption\":\"bride with a wedding dress standing in front of the french alps mountains\"},{\"@type\":\"WebPage\",\"@id\":\"https:\/\/www.eight-bells.com\/fr\/#webpage\",\"url\":\"https:\/\/www.eight-bells.com\/fr\/\",\"name\":\"Photographes & Vid\\u00e9astes mariage - Morzine & Chamonix - Rh\\u00f4ne-Alpes\",\"isPartOf\":{\"@id\":\"https:\/\/www.eight-bells.com\/#website\"},\"datePublished\":\"2019-01-27T09:59:32+00:00\",\"dateModified\":\"2026-05-06T14:49:23+00:00\",\"description\":\"Photographe et vid\\u00e9aste bas\\u00e9 \\u00e0 Morzine Chamonix, qui voyage \\u00e0 travers les Alpes fran\\u00e7aises pour capturer les histoires des amoureux.\",\"breadcrumb\":{\"@id\":\"https:\/\/www.eight-bells.com\/fr\/#breadcrumb\"},\"inLanguage\":\"fr-FR\",\"potentialAction\":[{\"@type\":\"ReadAction\",\"target\":[\"https:\/\/www.eight-bells.com\/fr\/\"]}]},{\"@type\":\"BreadcrumbList\",\"@id\":\"https:\/\/www.eight-bells.com\/fr\/#breadcrumb\",\"itemListElement\":[{\"@type\":\"ListItem\",\"position\":1,\"name\":\"Home\",\"item\":\"https:\/\/www.eight-bells.com\/fr\/\"},{\"@type\":\"ListItem\",\"position\":2,\"name\":\"ACCUEIL\"}]}]}<\/script>\n<!-- \/ Yoast SEO plugin. -->","yoast_head_json":{"description":"Photographe et vid\u00e9aste bas\u00e9 \u00e0 Morzine Chamonix, qui voyage \u00e0 travers les Alpes fran\u00e7aises pour capturer les histoires des amoureux.","robots":{"index":"index","follow":"follow","max-snippet":"max-snippet:-1","max-image-preview":"max-image-preview:large","max-video-preview":"max-video-preview:-1"},"canonical":"https:\/\/www.eight-bells.com\/fr\/","og_locale":"fr_FR","og_type":"article","og_title":"Wedding Photographer Videographer - Morzine & Chamonix - French Alps","og_description":"We are a photographer & videographer based in Morzine Chamonix, who travel across the French Alps & Europe to capture the stories of people in love.","og_url":"https:\/\/www.eight-bells.com\/fr\/","og_site_name":"Eight Bells","article_modified_time":"2026-05-06T14:49:23+00:00","og_image":[{"width":1200,"height":600,"url":"https:\/\/www.eight-bells.com\/wp-content\/uploads\/2019\/01\/wedding_farmhouse_morzine_summer_joux_plane_rc_cover.jpg","path":"\/home\/frentrkz\/eight-bells.com\/wp-content\/uploads\/2019\/01\/wedding_farmhouse_morzine_summer_joux_plane_rc_cover.jpg","size":"full","id":"76","alt":"","pixels":720000,"type":"image\/jpeg"}],"twitter_card":"summary_large_image","schema":{"@context":"https:\/\/schema.org","@graph":[{"@type":"WebSite","@id":"https:\/\/www.eight-bells.com\/#website","url":"https:\/\/www.eight-bells.com\/","name":"Eight Bells","description":"Wedding photography &amp; Videography","potentialAction":[{"@type":"SearchAction","target":{"@type":"EntryPoint","urlTemplate":"https:\/\/www.eight-bells.com\/?s={search_term_string}"},"query-input":"required name=search_term_string"}],"inLanguage":"fr-FR"},{"@type":"ImageObject","@id":"https:\/\/www.eight-bells.com\/fr\/#primaryimage","inLanguage":"fr-FR","url":"https:\/\/www.eight-bells.com\/wp-content\/uploads\/2019\/01\/wedding_farmhouse_morzine_summer_joux_plane_rc_cover.jpg","contentUrl":"https:\/\/www.eight-bells.com\/wp-content\/uploads\/2019\/01\/wedding_farmhouse_morzine_summer_joux_plane_rc_cover.jpg","width":1200,"height":600,"caption":"bride with a wedding dress standing in front of the french alps mountains"},{"@type":"WebPage","@id":"https:\/\/www.eight-bells.com\/fr\/#webpage","url":"https:\/\/www.eight-bells.com\/fr\/","name":"Photographes & Vid\u00e9astes mariage - Morzine & Chamonix - Rh\u00f4ne-Alpes","isPartOf":{"@id":"https:\/\/www.eight-bells.com\/#website"},"datePublished":"2019-01-27T09:59:32+00:00","dateModified":"2026-05-06T14:49:23+00:00","description":"Photographe et vid\u00e9aste bas\u00e9 \u00e0 Morzine Chamonix, qui voyage \u00e0 travers les Alpes fran\u00e7aises pour capturer les histoires des amoureux.","breadcrumb":{"@id":"https:\/\/www.eight-bells.com\/fr\/#breadcrumb"},"inLanguage":"fr-FR","potentialAction":[{"@type":"ReadAction","target":["https:\/\/www.eight-bells.com\/fr\/"]}]},{"@type":"BreadcrumbList","@id":"https:\/\/www.eight-bells.com\/fr\/#breadcrumb","itemListElement":[{"@type":"ListItem","position":1,"name":"Home","item":"https:\/\/www.eight-bells.com\/fr\/"},{"@type":"ListItem","position":2,"name":"ACCUEIL"}]}]}},"_links":{"self":[{"href":"https:\/\/www.eight-bells.com\/fr\/wp-json\/wp\/v2\/pages\/2706"}],"collection":[{"href":"https:\/\/www.eight-bells.com\/fr\/wp-json\/wp\/v2\/pages"}],"about":[{"href":"https:\/\/www.eight-bells.com\/fr\/wp-json\/wp\/v2\/types\/page"}],"author":[{"embeddable":true,"href":"https:\/\/www.eight-bells.com\/fr\/wp-json\/wp\/v2\/users\/1"}],"replies":[{"embeddable":true,"href":"https:\/\/www.eight-bells.com\/fr\/wp-json\/wp\/v2\/comments?post=2706"}],"version-history":[{"count":34,"href":"https:\/\/www.eight-bells.com\/fr\/wp-json\/wp\/v2\/pages\/2706\/revisions"}],"predecessor-version":[{"id":18473,"href":"https:\/\/www.eight-bells.com\/fr\/wp-json\/wp\/v2\/pages\/2706\/revisions\/18473"}],"wp:attachment":[{"href":"https:\/\/www.eight-bells.com\/fr\/wp-json\/wp\/v2\/media?parent=2706"}],"curies":[{"name":"wp","href":"https:\/\/api.w.org\/{rel}","templated":true}]}}