{"id":10856,"date":"2022-11-16T10:20:12","date_gmt":"2022-11-16T10:20:12","guid":{"rendered":"https:\/\/www.eight-bells.com\/?page_id=10856"},"modified":"2022-12-01T12:44:08","modified_gmt":"2022-12-01T12:44:08","slug":"a-propos","status":"publish","type":"page","link":"https:\/\/www.eight-bells.com\/fr\/a-propos\/","title":{"rendered":"A PROPOS"},"content":{"rendered":"\n<div aria-hidden=\"true\" class=\"wp-block-fsb-flexible-spacer fsb-flexible-spacer\"><div class=\"fsb-flexible-spacer__device fsb-flexible-spacer__device--lg\" style=\"height:60px\"><\/div><div class=\"fsb-flexible-spacer__device fsb-flexible-spacer__device--md\" style=\"height:40px\"><\/div><div class=\"fsb-flexible-spacer__device fsb-flexible-spacer__device--sm\" style=\"height:25px\"><\/div><\/div>\n\n\n\n<blockquote class=\"wp-block-quote\"><p>Ce que j\u2019aime le plus dans mon m\u00e9tier de photographe de mariage ? <br>Immortaliser pour toujours les histoires d\u2019amour.\u201d<\/p><\/blockquote>\n\n\n\n<div aria-hidden=\"true\" class=\"wp-block-fsb-flexible-spacer fsb-flexible-spacer\"><div class=\"fsb-flexible-spacer__device fsb-flexible-spacer__device--lg\" style=\"height:60px\"><\/div><div class=\"fsb-flexible-spacer__device fsb-flexible-spacer__device--md\" style=\"height:40px\"><\/div><div class=\"fsb-flexible-spacer__device fsb-flexible-spacer__device--sm\" style=\"height:25px\"><\/div><\/div>\n\n\n\n<figure class=\"wp-block-image size-large\"><img loading=\"lazy\" width=\"1024\" height=\"684\" src=\"https:\/\/www.eight-bells.com\/wp-content\/uploads\/2022\/05\/about-image-reuben-1024x684.jpeg\" alt=\"\" class=\"wp-image-8937\" srcset=\"https:\/\/www.eight-bells.com\/wp-content\/uploads\/2022\/05\/about-image-reuben-1024x684.jpeg 1024w, https:\/\/www.eight-bells.com\/wp-content\/uploads\/2022\/05\/about-image-reuben-300x201.jpeg 300w, https:\/\/www.eight-bells.com\/wp-content\/uploads\/2022\/05\/about-image-reuben-768x513.jpeg 768w, https:\/\/www.eight-bells.com\/wp-content\/uploads\/2022\/05\/about-image-reuben.jpeg 1200w\" sizes=\"(max-width: 1024px) 100vw, 1024px\" \/><\/figure>\n\n\n\n<div aria-hidden=\"true\" class=\"wp-block-fsb-flexible-spacer fsb-flexible-spacer\"><div class=\"fsb-flexible-spacer__device fsb-flexible-spacer__device--lg\" style=\"height:60px\"><\/div><div class=\"fsb-flexible-spacer__device fsb-flexible-spacer__device--md\" style=\"height:40px\"><\/div><div class=\"fsb-flexible-spacer__device fsb-flexible-spacer__device--sm\" style=\"height:25px\"><\/div><\/div>\n\n\n\n<p>Parce qu\u2019un mariage passe tellement vite, et qu\u2019on aimerait revivre les \u00e9motions qu\u2019on a ressenties ce jour-l\u00e0, il est important de choisir son photographe avec le c\u0153ur.<\/p>\n\n\n\n<p>C\u2019est pourquoi j\u2019ai souhait\u00e9 me pr\u00eater \u00e0 l\u2019exercice de l\u2019interview avec <a href=\"https:\/\/www.redaction-contenus-web.com\/\" target=\"_blank\" rel=\"noreferrer noopener\">Sandy PETIT<\/a> pour faire ressortir la personne que je suis, le photographe que j\u2019aime \u00eatre. Mais surtout, celui qui continuera de mettre des \u00e9toiles dans vos yeux de jeunes mari\u00e9s lorsque vous tournerez les pages de votre album. A deux, seul ou en famille, ann\u00e9e apr\u00e8s ann\u00e9e.<\/p>\n\n\n\n<p class=\"italic-bold-lora\"><strong>Bonjour Reuben. Merci de vous pr\u00eater au jeu des questions-r\u00e9ponses qui vont nous permettre de mieux vous conna\u00eetre, vous et votre pr\u00e9cieux acolyte, je parle bien s\u00fbr de votre appareil photo\u2026<\/strong><\/p>\n\n\n\n<h2><strong>Pour commencer, pouvez-vous nous raconter comment vous \u00eates devenu photographe de mariage ?<\/strong><\/h2>\n\n\n\n<p>Je me souviens tr\u00e8s bien du jour o\u00f9 la photo est devenue plus qu\u2019un passe-temps ! C\u2019\u00e9tait il y a un peu plus de 10 ans, pendant mes \u00e9tudes en ing\u00e9nierie m\u00e9canique \u00e0 Tel Aviv o\u00f9 je vivais \u00e0 l\u2019\u00e9poque.<\/p>\n\n\n\n<p>Apr\u00e8s deux ann\u00e9es de travail intense, j\u2019avais ressenti le besoin de faire un break et je suis parti 3 mois en vacances en France, \u00e0 Morzine plus exactement.<\/p>\n\n\n\n<div aria-hidden=\"true\" class=\"wp-block-fsb-flexible-spacer fsb-flexible-spacer\"><div class=\"fsb-flexible-spacer__device fsb-flexible-spacer__device--lg\" style=\"height:60px\"><\/div><div class=\"fsb-flexible-spacer__device fsb-flexible-spacer__device--md\" style=\"height:40px\"><\/div><div class=\"fsb-flexible-spacer__device fsb-flexible-spacer__device--sm\" style=\"height:25px\"><\/div><\/div>\n\n\n\n<figure class=\"wp-block-image size-large\"><img loading=\"lazy\" width=\"1024\" height=\"670\" src=\"https:\/\/www.eight-bells.com\/wp-content\/uploads\/2022\/11\/reuben-young-downhill-photographer-1024x670.jpeg\" alt=\"\" class=\"wp-image-10882\" srcset=\"https:\/\/www.eight-bells.com\/wp-content\/uploads\/2022\/11\/reuben-young-downhill-photographer-1024x670.jpeg 1024w, https:\/\/www.eight-bells.com\/wp-content\/uploads\/2022\/11\/reuben-young-downhill-photographer-300x196.jpeg 300w, https:\/\/www.eight-bells.com\/wp-content\/uploads\/2022\/11\/reuben-young-downhill-photographer-768x502.jpeg 768w, https:\/\/www.eight-bells.com\/wp-content\/uploads\/2022\/11\/reuben-young-downhill-photographer.jpeg 1200w\" sizes=\"(max-width: 1024px) 100vw, 1024px\" \/><\/figure>\n\n\n\n<div aria-hidden=\"true\" class=\"wp-block-fsb-flexible-spacer fsb-flexible-spacer\"><div class=\"fsb-flexible-spacer__device fsb-flexible-spacer__device--lg\" style=\"height:60px\"><\/div><div class=\"fsb-flexible-spacer__device fsb-flexible-spacer__device--md\" style=\"height:40px\"><\/div><div class=\"fsb-flexible-spacer__device fsb-flexible-spacer__device--sm\" style=\"height:25px\"><\/div><\/div>\n\n\n\n<p>J\u2019avais emport\u00e9 avec moi l\u2019appareil photo de ma s\u0153ur jumelle en me disant que je prendrais bien quelques photos souvenirs pour le plaisir.<\/p>\n\n\n\n<p>Au cours de ces 3 mois, j\u2019ai v\u00e9cu avec 12 personnes que je n\u2019avais jamais vues auparavant. Nous passions nos journ\u00e9es \u00e0 sillonner les montagnes en VTT.<\/p>\n\n\n\n<p>C\u2019est comme \u00e7a que j\u2019ai commenc\u00e9 \u00e0 prendre des photos, mon id\u00e9e \u00e9tant d\u2019en faire un book avec et pour les amis. C\u2019est aussi \u00e0 ce moment-l\u00e0 que j\u2019ai appris \u00e0 me servir d\u2019un appareil photo.<\/p>\n\n\n\n<p>De retour \u00e0 Tel Aviv, un magazine d\u2019Isra\u00ebl sp\u00e9cialis\u00e9 en VTT a souhait\u00e9 publier mes photos et le texte que j\u2019avais \u00e9crit pour raconter nos p\u00e9rip\u00e9ties de v\u00e9lophiles \u00e0 travers les Alpes. Ce premier cachet m\u2019a donn\u00e9 l\u2019envie de continuer d\u2019explorer le monde de la photographie. Au point qu\u2019apr\u00e8s l\u2019obtention de mon dipl\u00f4me universitaire, j\u2019ai laiss\u00e9 tomber le m\u00e9tier d\u2019ing\u00e9nieur pour devenir assistant photographe sp\u00e9cialis\u00e9 dans la photographie de mariage.<\/p>\n\n\n\n<p>Depuis, j\u2019en suis \u00e0 plus de 300 mariages et plusieurs milliers de photos. Et \u00e0 chaque nouveau mariage, je vis quelque chose d\u2019unique. J\u2019adore mon m\u00e9tier !<\/p>\n\n\n\n<h2><strong>Comment est n\u00e9 Eight Bells ?<\/strong><\/h2>\n\n\n\n<p>Eight Bells est n\u00e9 \u00e0 la suite de mon mariage avec ma femme Polly que j\u2019avais rencontr\u00e9e \u00e0 l\u2019occasion d\u2019un mariage \u00e0 Tel Aviv o\u00f9 j\u2019avais \u00e9t\u00e9 engag\u00e9 comme photographe et Polly comme vid\u00e9aste. Un coup de foudre professionnel qui s\u2019est rapidement transform\u00e9 en coup de foudre amoureux !<\/p>\n\n\n\n<p>Quelque temps apr\u00e8s, nous nous sommes mari\u00e9s en France \u00e0 Morzine, l\u00e0 o\u00f9 ma vocation de photographe \u00e9tait n\u00e9e. Depuis, nous avons cr\u00e9\u00e9 ensemble Eight Bells et sommes les heureux parents d\u2019un petit gar\u00e7on, Benji.<\/p>\n\n\n\n<div aria-hidden=\"true\" class=\"wp-block-fsb-flexible-spacer fsb-flexible-spacer\"><div class=\"fsb-flexible-spacer__device fsb-flexible-spacer__device--lg\" style=\"height:60px\"><\/div><div class=\"fsb-flexible-spacer__device fsb-flexible-spacer__device--md\" style=\"height:40px\"><\/div><div class=\"fsb-flexible-spacer__device fsb-flexible-spacer__device--sm\" style=\"height:25px\"><\/div><\/div>\n\n\n\n<figure class=\"wp-block-image size-large\"><img loading=\"lazy\" width=\"1024\" height=\"684\" src=\"https:\/\/www.eight-bells.com\/wp-content\/uploads\/2022\/11\/reuben-family-avoriaz-1-1-1024x684.jpeg\" alt=\"\" class=\"wp-image-10892\" srcset=\"https:\/\/www.eight-bells.com\/wp-content\/uploads\/2022\/11\/reuben-family-avoriaz-1-1-1024x684.jpeg 1024w, https:\/\/www.eight-bells.com\/wp-content\/uploads\/2022\/11\/reuben-family-avoriaz-1-1-300x200.jpeg 300w, https:\/\/www.eight-bells.com\/wp-content\/uploads\/2022\/11\/reuben-family-avoriaz-1-1-768x513.jpeg 768w, https:\/\/www.eight-bells.com\/wp-content\/uploads\/2022\/11\/reuben-family-avoriaz-1-1.jpeg 1200w\" sizes=\"(max-width: 1024px) 100vw, 1024px\" \/><figcaption>Photo &#8211; <a href=\"https:\/\/www.irinaphoto.ch\/home\" target=\"_blank\" rel=\"noreferrer noopener\">Irina Redanskaya<\/a><\/figcaption><\/figure>\n\n\n\n<figure class=\"wp-block-gallery columns-2 is-cropped\"><ul class=\"blocks-gallery-grid\"><li class=\"blocks-gallery-item\"><figure><img loading=\"lazy\" width=\"683\" height=\"1024\" src=\"https:\/\/www.eight-bells.com\/wp-content\/uploads\/2022\/11\/reuben-with-son-683x1024.jpeg\" alt=\"\" data-id=\"10888\" data-link=\"https:\/\/www.eight-bells.com\/fr\/a-propos\/reuben-with-son\/\" class=\"wp-image-10888\" srcset=\"https:\/\/www.eight-bells.com\/wp-content\/uploads\/2022\/11\/reuben-with-son-683x1024.jpeg 683w, https:\/\/www.eight-bells.com\/wp-content\/uploads\/2022\/11\/reuben-with-son-200x300.jpeg 200w, https:\/\/www.eight-bells.com\/wp-content\/uploads\/2022\/11\/reuben-with-son-768x1152.jpeg 768w, https:\/\/www.eight-bells.com\/wp-content\/uploads\/2022\/11\/reuben-with-son.jpeg 800w\" sizes=\"(max-width: 683px) 100vw, 683px\" \/><\/figure><\/li><li class=\"blocks-gallery-item\"><figure><img loading=\"lazy\" width=\"683\" height=\"1024\" src=\"https:\/\/www.eight-bells.com\/wp-content\/uploads\/2022\/11\/polly-with-son-camera-683x1024.jpeg\" alt=\"\" data-id=\"10886\" data-link=\"https:\/\/www.eight-bells.com\/fr\/a-propos\/polly-with-son-camera\/\" class=\"wp-image-10886\" srcset=\"https:\/\/www.eight-bells.com\/wp-content\/uploads\/2022\/11\/polly-with-son-camera-683x1024.jpeg 683w, https:\/\/www.eight-bells.com\/wp-content\/uploads\/2022\/11\/polly-with-son-camera-200x300.jpeg 200w, https:\/\/www.eight-bells.com\/wp-content\/uploads\/2022\/11\/polly-with-son-camera-768x1152.jpeg 768w, https:\/\/www.eight-bells.com\/wp-content\/uploads\/2022\/11\/polly-with-son-camera.jpeg 800w\" sizes=\"(max-width: 683px) 100vw, 683px\" \/><\/figure><\/li><\/ul><figcaption class=\"blocks-gallery-caption\">Photos &#8211; <a href=\"https:\/\/evabigeard.fr\/\" target=\"_blank\" rel=\"noreferrer noopener\">Eva Bigeard<\/a><\/figcaption><\/figure>\n\n\n\n<div aria-hidden=\"true\" class=\"wp-block-fsb-flexible-spacer fsb-flexible-spacer\"><div class=\"fsb-flexible-spacer__device fsb-flexible-spacer__device--lg\" style=\"height:60px\"><\/div><div class=\"fsb-flexible-spacer__device fsb-flexible-spacer__device--md\" style=\"height:40px\"><\/div><div class=\"fsb-flexible-spacer__device fsb-flexible-spacer__device--sm\" style=\"height:25px\"><\/div><\/div>\n\n\n\n<h2><strong>10 ans que vous faites des photos et plus de 300 mariages \u00e0 votre actif, et la passion est toujours l\u00e0. Comment l\u2019expliquez-vous ?<\/strong><\/h2>\n\n\n\n<p>J\u2019adore me mettre dans la peau des mari\u00e9s. J\u2019imagine ce que moi j\u2019aimerais avoir comme photos de mariage. Des souvenirs, des \u00e9motions, des instants cl\u00e9s, captur\u00e9s en une fraction de seconde et pour toujours.<\/p>\n\n\n\n<p>Mon objectif est que les mari\u00e9s revivent ces moments lorsqu\u2019ils regarderont leur album, m\u00eame des ann\u00e9es apr\u00e8s leur mariage. J\u2019imagine que c\u2019est cette envie de prolonger la joie et l\u2019\u00e9motion qui font que ma passion pour la photographie de mariage est toujours l\u00e0.<\/p>\n\n\n\n<h2><strong>Pouvez-vous nous d\u00e9crire ce qui attend les jeunes mari\u00e9s le jour J ?<\/strong><\/h2>\n\n\n\n<p>En fonction du d\u00e9roul\u00e9 de la journ\u00e9e, les mari\u00e9s et moi nous accordons une pause d\u2019une demi-heure \u00e0 une heure maximum pour prendre des photos r\u00e9serv\u00e9es au couple.<\/p>\n\n\n\n<p>Je fais en sorte que ce moment soit un temps privil\u00e9gi\u00e9 pour eux, une parenth\u00e8se au milieu de cette journ\u00e9e bien souvent charg\u00e9e en \u00e9motions.<\/p>\n\n\n\n<p>Je laisse les mari\u00e9s libres de profiter de ce moment et poser comme ils en ont envie. Je suis bien s\u00fbr l\u00e0 pour les guider et leur donner quelques conseils s\u2019ils ne savent pas trop comment s\u2019y prendre. L\u2019objectif de cette s\u00e9ance photo est que le couple soit le plus naturel possible et fasse ressortir le lien d\u2019amour qui les unit.<\/p>\n\n\n\n<h2><strong>Qu\u2019en est-il des photos formelles, lorsque vous devez faire prendre la pose aux invit\u00e9s par exemple ?<\/strong><\/h2>\n\n\n\n<p>Je fais en sorte que ces instants se passent rapidement et toujours dans le calme et la bonne humeur. Mes 10 ann\u00e9es d\u2019exp\u00e9rience font que je sais trouver les mots pour que les personnes prennent rapidement la pose et soient les plus naturelles possible.&nbsp;<\/p>\n\n\n\n<p>L\u2019objectif des photos de groupe dans un mariage est de se souvenir des personnes pr\u00e9sentes. Des proches et des amis unis autour d\u2019un seul et m\u00eame \u00e9v\u00e9nement : le mariage de deux amoureux, entour\u00e9s des personnes qui comptent pour eux, et dont la pr\u00e9sence les comblent de bonheur. Il est donc tr\u00e8s important d\u2019en faire un souvenir fort et intemporel.<\/p>\n\n\n\n<blockquote class=\"wp-block-quote\"><p>J\u2019avoue \u00eatre tomb\u00e9 un peu par hasard dans la photographie.\u201d<\/p><\/blockquote>\n\n\n\n<h2><strong>Quel est votre secret pour personnaliser au maximum les photos prises le jour du mariage ?<\/strong><\/h2>\n\n\n\n<p>Au-del\u00e0 des photos des mari\u00e9s et des photos de groupe, j\u2019aime cr\u00e9er des souvenirs personnalis\u00e9s de chaque invit\u00e9, d\u2019autant plus que certains font parfois un long voyage pour assister au mariage !<\/p>\n\n\n\n<p>J\u2019ai donc pour habitude d\u2019approcher les petits groupes de 2-3 personnes, en couple, entre amis ou en famille, afin de leur proposer de prendre la pose pour de jolies photos qui leur donneront un souvenir unique de la journ\u00e9e.<\/p>\n\n\n\n<h2><strong>Comment faites-vous pour que les photos demeurent fid\u00e8les au jour J, m\u00eame en les regardant 10, 20, 50 ans apr\u00e8s le mariage ?<\/strong><\/h2>\n\n\n\n<p>Il est tr\u00e8s important que les photos d\u2019un album de mariage retranscrivent l\u2019\u00e9motion et l\u2019ambiance que les mari\u00e9s et leurs invit\u00e9s ont ressenti le jour du mariage.<\/p>\n\n\n\n<p>L\u2019enjeu pour nous, photographes de mariage, est donc de marquer \u00e0 jamais l\u2019instant pr\u00e9sent.<\/p>\n\n\n\n<p>Pour ce faire, je fais en sorte de retoucher les photos juste ce qu\u2019il faut. En ajoutant ni trop de lumi\u00e8re ni trop d\u2019ombre. J\u2019\u00e9vite de cr\u00e9er trop de contraste afin de ne pas d\u00e9naturer l\u2019image et laisser ressortir les d\u00e9tails qui rendent la photo unique.<\/p>\n\n\n\n<p>J\u2019attache une grande importance \u00e0 la sinc\u00e9rit\u00e9 qui se d\u00e9gage de la photo. Je fais en sorte de la laisser la plus naturelle possible, sans trop de brillance ou de filtre afin de ne pas d\u00e9naturer l\u2019\u00e9motion qui en ressort.<\/p>\n\n\n\n<h2><strong>Comment cela se passe-t-il lorsque vous partez photographier des mariages \u00e0 l\u2019\u00e9tranger ?<\/strong><\/h2>\n\n\n\n<p>Mon enfance et mes nombreux voyages \u00e0 travers le monde m\u2019ont permis d\u2019apprendre \u00e0 parler couramment plusieurs langues dont l\u2019anglais, l\u2019espagnol, le fran\u00e7ais et l\u2019h\u00e9breu. Je suis donc \u00e0 m\u00eame de discuter avec les mari\u00e9s et les invit\u00e9s dans la langue avec laquelle ils sont \u00e0 l\u2019aise.<\/p>\n\n\n\n<p>Cela facilite les \u00e9changes et permet \u00e0 tout le monde de se sentir compris, ce qui est un point tr\u00e8s important pour que les gens soient rassur\u00e9s\u2026 et donc naturels en photo !<\/p>\n\n\n\n<h2><strong>Une derni\u00e8re question qui me trotte dans la t\u00eate depuis tout \u00e0 l\u2019heure : pourquoi vous choisir vous, Reuben, comme photographe de notre mariage ?<\/strong><\/h2>\n\n\n\n<p>Je dirais que si vous attendez du photographe de votre mariage qu\u2019il soit pr\u00e9sent tout en se faisant discret, et qu\u2019il r\u00e9ussisse \u00e0 vous mettre \u00e0 l\u2019aise (alors que le stress ne manquera pas de vous gagner), alors je suis le professionnel qu\u2019il vous faut !<\/p>\n\n\n\n<p>Plus s\u00e9rieusement, j\u2019ai \u00e0 c\u0153ur de me mettre \u00e0 la place des mari\u00e9s et de faire en sorte que tout le monde se sente parfaitement bien le jour du mariage. J\u2019ai conscience que certaines personnes n\u2019aiment pas forc\u00e9ment \u00eatre prises en photo et que la pr\u00e9sence d\u2019un \u00e9tranger, \u00e9quip\u00e9 de son mat\u00e9riel quelque peu encombrant, peut d\u00e9ranger. C\u2019est pourquoi je fais toujours en sorte d\u2019\u00eatre l\u00e0 o\u00f9 je dois \u00eatre, ni plus ni moins.<\/p>\n\n\n\n<p>Pour avoir une id\u00e9e plus pr\u00e9cise de l\u2019univers de mes photos, je vous invite \u00e0 d\u00e9couvrir mon <a href=\"https:\/\/www.eight-bells.com\/fr\/real-wedding-stories\/\">portfolio<\/a> qui pr\u00e9sente des exemples concrets de photos de mariage que j\u2019ai r\u00e9alis\u00e9es au cours de mes 10 ann\u00e9es d\u2019exp\u00e9rience.<\/p>\n\n\n\n<p><strong><em>Merci Reuben pour ce partage empli d&rsquo;\u00e9motions et de sinc\u00e9rit\u00e9. Je n\u2019ai qu\u2019une seule chose \u00e0 vous souhaiter : continuer de faire vivre le bonheur des jeunes mari\u00e9s au travers de vos photos !<\/em><\/strong><\/p>\n","protected":false},"excerpt":{"rendered":"<p>Ce que j\u2019aime le plus dans mon m\u00e9tier de photographe de mariage ? Immortaliser pour toujours les histoires d\u2019amour.\u201d Parce qu\u2019un mariage passe tellement vite, et qu\u2019on aimerait revivre les \u00e9motions qu\u2019on a ressenties ce jour-l\u00e0, il est important de choisir son photographe avec le c\u0153ur. C\u2019est pourquoi j\u2019ai souhait\u00e9 me pr\u00eater \u00e0 l\u2019exercice de [&hellip;]<\/p>\n","protected":false},"author":1,"featured_media":8937,"parent":0,"menu_order":0,"comment_status":"closed","ping_status":"closed","template":"page-about.php","meta":[],"acf":[],"yoast_head":"<!-- This site is optimized with the Yoast SEO plugin v16.7 - https:\/\/yoast.com\/wordpress\/plugins\/seo\/ -->\n<meta name=\"robots\" content=\"index, follow, max-snippet:-1, max-image-preview:large, max-video-preview:-1\" \/>\n<link rel=\"canonical\" href=\"https:\/\/www.eight-bells.com\/fr\/a-propos\/\" \/>\n<meta property=\"og:locale\" content=\"fr_FR\" \/>\n<meta property=\"og:type\" content=\"article\" \/>\n<meta property=\"og:title\" content=\"A PROPOS - Eight Bells\" \/>\n<meta property=\"og:description\" content=\"Ce que j\u2019aime le plus dans mon m\u00e9tier de photographe de mariage ? Immortaliser pour toujours les histoires d\u2019amour.\u201d Parce qu\u2019un mariage passe tellement vite, et qu\u2019on aimerait revivre les \u00e9motions qu\u2019on a ressenties ce jour-l\u00e0, il est important de choisir son photographe avec le c\u0153ur. C\u2019est pourquoi j\u2019ai souhait\u00e9 me pr\u00eater \u00e0 l\u2019exercice de [&hellip;]\" \/>\n<meta property=\"og:url\" content=\"https:\/\/www.eight-bells.com\/fr\/a-propos\/\" \/>\n<meta property=\"og:site_name\" content=\"Eight Bells\" \/>\n<meta property=\"article:modified_time\" content=\"2022-12-01T12:44:08+00:00\" \/>\n<meta property=\"og:image\" content=\"https:\/\/www.eight-bells.com\/wp-content\/uploads\/2022\/05\/about-image-reuben.jpeg\" \/>\n\t<meta property=\"og:image:width\" content=\"1200\" \/>\n\t<meta property=\"og:image:height\" content=\"802\" \/>\n<meta name=\"twitter:card\" content=\"summary_large_image\" \/>\n<meta name=\"twitter:label1\" content=\"Dur\u00e9e de lecture est.\" \/>\n\t<meta name=\"twitter:data1\" content=\"8 minutes\" \/>\n<script type=\"application\/ld+json\" class=\"yoast-schema-graph\">{\"@context\":\"https:\/\/schema.org\",\"@graph\":[{\"@type\":\"WebSite\",\"@id\":\"https:\/\/www.eight-bells.com\/#website\",\"url\":\"https:\/\/www.eight-bells.com\/\",\"name\":\"Eight Bells\",\"description\":\"Wedding photography &amp; Videography\",\"potentialAction\":[{\"@type\":\"SearchAction\",\"target\":{\"@type\":\"EntryPoint\",\"urlTemplate\":\"https:\/\/www.eight-bells.com\/?s={search_term_string}\"},\"query-input\":\"required name=search_term_string\"}],\"inLanguage\":\"fr-FR\"},{\"@type\":\"ImageObject\",\"@id\":\"https:\/\/www.eight-bells.com\/fr\/a-propos\/#primaryimage\",\"inLanguage\":\"fr-FR\",\"url\":\"https:\/\/www.eight-bells.com\/wp-content\/uploads\/2022\/05\/about-image-reuben.jpeg\",\"contentUrl\":\"https:\/\/www.eight-bells.com\/wp-content\/uploads\/2022\/05\/about-image-reuben.jpeg\",\"width\":1200,\"height\":802},{\"@type\":\"WebPage\",\"@id\":\"https:\/\/www.eight-bells.com\/fr\/a-propos\/#webpage\",\"url\":\"https:\/\/www.eight-bells.com\/fr\/a-propos\/\",\"name\":\"A PROPOS - Eight Bells\",\"isPartOf\":{\"@id\":\"https:\/\/www.eight-bells.com\/#website\"},\"primaryImageOfPage\":{\"@id\":\"https:\/\/www.eight-bells.com\/fr\/a-propos\/#primaryimage\"},\"datePublished\":\"2022-11-16T10:20:12+00:00\",\"dateModified\":\"2022-12-01T12:44:08+00:00\",\"breadcrumb\":{\"@id\":\"https:\/\/www.eight-bells.com\/fr\/a-propos\/#breadcrumb\"},\"inLanguage\":\"fr-FR\",\"potentialAction\":[{\"@type\":\"ReadAction\",\"target\":[\"https:\/\/www.eight-bells.com\/fr\/a-propos\/\"]}]},{\"@type\":\"BreadcrumbList\",\"@id\":\"https:\/\/www.eight-bells.com\/fr\/a-propos\/#breadcrumb\",\"itemListElement\":[{\"@type\":\"ListItem\",\"position\":1,\"name\":\"Home\",\"item\":\"https:\/\/www.eight-bells.com\/fr\/\"},{\"@type\":\"ListItem\",\"position\":2,\"name\":\"A PROPOS\"}]}]}<\/script>\n<!-- \/ Yoast SEO plugin. -->","yoast_head_json":{"robots":{"index":"index","follow":"follow","max-snippet":"max-snippet:-1","max-image-preview":"max-image-preview:large","max-video-preview":"max-video-preview:-1"},"canonical":"https:\/\/www.eight-bells.com\/fr\/a-propos\/","og_locale":"fr_FR","og_type":"article","og_title":"A PROPOS - Eight Bells","og_description":"Ce que j\u2019aime le plus dans mon m\u00e9tier de photographe de mariage ? Immortaliser pour toujours les histoires d\u2019amour.\u201d Parce qu\u2019un mariage passe tellement vite, et qu\u2019on aimerait revivre les \u00e9motions qu\u2019on a ressenties ce jour-l\u00e0, il est important de choisir son photographe avec le c\u0153ur. C\u2019est pourquoi j\u2019ai souhait\u00e9 me pr\u00eater \u00e0 l\u2019exercice de [&hellip;]","og_url":"https:\/\/www.eight-bells.com\/fr\/a-propos\/","og_site_name":"Eight Bells","article_modified_time":"2022-12-01T12:44:08+00:00","og_image":[{"width":1200,"height":802,"url":"https:\/\/www.eight-bells.com\/wp-content\/uploads\/2022\/05\/about-image-reuben.jpeg","path":"\/home\/frentrkz\/eight-bells.com\/wp-content\/uploads\/2022\/05\/about-image-reuben.jpeg","size":"full","id":8937,"alt":"","pixels":962400,"type":"image\/jpeg"}],"twitter_card":"summary_large_image","twitter_misc":{"Dur\u00e9e de lecture est.":"8 minutes"},"schema":{"@context":"https:\/\/schema.org","@graph":[{"@type":"WebSite","@id":"https:\/\/www.eight-bells.com\/#website","url":"https:\/\/www.eight-bells.com\/","name":"Eight Bells","description":"Wedding photography &amp; Videography","potentialAction":[{"@type":"SearchAction","target":{"@type":"EntryPoint","urlTemplate":"https:\/\/www.eight-bells.com\/?s={search_term_string}"},"query-input":"required name=search_term_string"}],"inLanguage":"fr-FR"},{"@type":"ImageObject","@id":"https:\/\/www.eight-bells.com\/fr\/a-propos\/#primaryimage","inLanguage":"fr-FR","url":"https:\/\/www.eight-bells.com\/wp-content\/uploads\/2022\/05\/about-image-reuben.jpeg","contentUrl":"https:\/\/www.eight-bells.com\/wp-content\/uploads\/2022\/05\/about-image-reuben.jpeg","width":1200,"height":802},{"@type":"WebPage","@id":"https:\/\/www.eight-bells.com\/fr\/a-propos\/#webpage","url":"https:\/\/www.eight-bells.com\/fr\/a-propos\/","name":"A PROPOS - Eight Bells","isPartOf":{"@id":"https:\/\/www.eight-bells.com\/#website"},"primaryImageOfPage":{"@id":"https:\/\/www.eight-bells.com\/fr\/a-propos\/#primaryimage"},"datePublished":"2022-11-16T10:20:12+00:00","dateModified":"2022-12-01T12:44:08+00:00","breadcrumb":{"@id":"https:\/\/www.eight-bells.com\/fr\/a-propos\/#breadcrumb"},"inLanguage":"fr-FR","potentialAction":[{"@type":"ReadAction","target":["https:\/\/www.eight-bells.com\/fr\/a-propos\/"]}]},{"@type":"BreadcrumbList","@id":"https:\/\/www.eight-bells.com\/fr\/a-propos\/#breadcrumb","itemListElement":[{"@type":"ListItem","position":1,"name":"Home","item":"https:\/\/www.eight-bells.com\/fr\/"},{"@type":"ListItem","position":2,"name":"A PROPOS"}]}]}},"_links":{"self":[{"href":"https:\/\/www.eight-bells.com\/fr\/wp-json\/wp\/v2\/pages\/10856"}],"collection":[{"href":"https:\/\/www.eight-bells.com\/fr\/wp-json\/wp\/v2\/pages"}],"about":[{"href":"https:\/\/www.eight-bells.com\/fr\/wp-json\/wp\/v2\/types\/page"}],"author":[{"embeddable":true,"href":"https:\/\/www.eight-bells.com\/fr\/wp-json\/wp\/v2\/users\/1"}],"replies":[{"embeddable":true,"href":"https:\/\/www.eight-bells.com\/fr\/wp-json\/wp\/v2\/comments?post=10856"}],"version-history":[{"count":16,"href":"https:\/\/www.eight-bells.com\/fr\/wp-json\/wp\/v2\/pages\/10856\/revisions"}],"predecessor-version":[{"id":10936,"href":"https:\/\/www.eight-bells.com\/fr\/wp-json\/wp\/v2\/pages\/10856\/revisions\/10936"}],"wp:featuredmedia":[{"embeddable":true,"href":"https:\/\/www.eight-bells.com\/fr\/wp-json\/wp\/v2\/media\/8937"}],"wp:attachment":[{"href":"https:\/\/www.eight-bells.com\/fr\/wp-json\/wp\/v2\/media?parent=10856"}],"curies":[{"name":"wp","href":"https:\/\/api.w.org\/{rel}","templated":true}]}}